{"id":5188,"date":"2023-01-17T19:50:04","date_gmt":"2023-01-17T19:50:04","guid":{"rendered":"https:\/\/miharencelj.com\/?page_id=5188"},"modified":"2025-03-27T20:13:56","modified_gmt":"2025-03-27T20:13:56","slug":"ziva-glasba","status":"publish","type":"page","link":"https:\/\/miharencelj.com\/en\/ziva-glasba\/","title":{"rendered":"\u017diva glasba"},"content":{"rendered":"<div class=\"wpb-content-wrapper\"><div class=\"vc_row wpb_row vc_row-fluid\"><div class=\"wpb_column vc_column_container vc_col-sm-1\"><div class=\"vc_column-inner\"><div class=\"wpb_wrapper\">\n\t<div class=\"wpb_text_column wpb_content_element\" >\n\t\t<div class=\"wpb_wrapper\">\n\t\t\t\n\t\t<\/div>\n\t<\/div>\n<\/div><\/div><\/div><\/div><div class=\"vc_row wpb_row vc_row-fluid\"><div class=\"wpb_column vc_column_container vc_col-sm-6\"><div class=\"vc_column-inner\"><div class=\"wpb_wrapper\">\n\t<div class=\"wpb_text_column wpb_content_element\" >\n\t\t<div class=\"wpb_wrapper\">\n\t\t\t<h5 style=\"text-align: center;\"><\/h5>\n<h5 style=\"text-align: left;\">Najemite me za poro\u010dni obred, rojstnodnevne zabave, poslovne dogodke, novoletne poslovne zabave, pogrebe ali druge prilo\u017enosti. Ponavadi igram klavir instrumentalno (kulisna glasba) ali kot spremljavo ob petju ali saksofonu. Glede izbora pesmi se vedno posku\u0161am prilagoditi \u017eeljam naro\u010dnika. Izvajam razli\u010dne zvrsti glasbe, od resnej\u0161e glasbe do bolj zabavne rock oz. pop glasbe.<\/h5>\n<h5 style=\"text-align: left;\">Glasba na poro\u010dnem obredu<\/h5>\n<h5 style=\"text-align: left;\">Vsaka poroka je izjemen, enkraten dogodek, nabit s \u010dustvi in romantiko, na katerega spomin ostane za vedno. Poro\u010dni obred lahko postane \u0161e bolj do\u017eivet ob glasbi, ki se nas dotakne. Klavir je izjemno primeren instrument ob poro\u010dni pogostitvi. Vedno se prilagodim paru pri izbiri glasbe, pogosto pa tudi svetujem, poleg \u017ee ute\u010denega repertuarja pa je mo\u017een tudi individualni dogovor.<\/h5>\n<h5 style=\"text-align: left;\">Izvajam glasbo ob pogostitivi, na civilnih in cerkvenih obredih, na zarokah ali ob sprejemu svatov.<\/h5>\n<h5 style=\"text-align: left;\">Za dogovor sem dosegljiv preko<span style=\"color: #1985c4;\"> <a style=\"color: #1985c4;\" href=\"https:\/\/miharencelj.com\/en\/kontakt\/\">kontaktnega obrazca<\/a><\/span> ali telefonske \u0161tevilke 041 934 011.<\/h5>\n\n\t\t<\/div>\n\t<\/div>\n<\/div><\/div><\/div><div class=\"wpb_column vc_column_container vc_col-sm-6\"><div class=\"vc_column-inner\"><div class=\"wpb_wrapper\">\n\t<div  class=\"wpb_single_image wpb_content_element vc_align_left wpb_content_element\">\n\t\t\n\t\t<figure class=\"wpb_wrapper vc_figure\">\n\t\t\t<div class=\"vc_single_image-wrapper   vc_box_border_grey\"><img loading=\"lazy\" decoding=\"async\" width=\"900\" height=\"615\" src=\"https:\/\/miharencelj.com\/wp-content\/uploads\/2020\/12\/Miha-Renc\u030celj-kavarna-Union-Plakat-copy-1024x700.jpg\" class=\"vc_single_image-img attachment-large\" alt=\"Miha Renc\u030celj kavarna Union Plakat\" title=\"Miha Renc\u030celj kavarna Union Plakat\" srcset=\"https:\/\/miharencelj.com\/wp-content\/uploads\/2020\/12\/Miha-Renc\u030celj-kavarna-Union-Plakat-copy-1024x700.jpg 1024w, https:\/\/miharencelj.com\/wp-content\/uploads\/2020\/12\/Miha-Renc\u030celj-kavarna-Union-Plakat-copy-300x205.jpg 300w, https:\/\/miharencelj.com\/wp-content\/uploads\/2020\/12\/Miha-Renc\u030celj-kavarna-Union-Plakat-copy-768x525.jpg 768w, https:\/\/miharencelj.com\/wp-content\/uploads\/2020\/12\/Miha-Renc\u030celj-kavarna-Union-Plakat-copy-1536x1051.jpg 1536w, https:\/\/miharencelj.com\/wp-content\/uploads\/2020\/12\/Miha-Renc\u030celj-kavarna-Union-Plakat-copy.jpg 2041w\" sizes=\"(max-width: 900px) 100vw, 900px\" \/><\/div>\n\t\t<\/figure>\n\t<\/div>\n\n\t<div  class=\"wpb_single_image wpb_content_element vc_align_center wpb_content_element\">\n\t\t\n\t\t<figure class=\"wpb_wrapper vc_figure\">\n\t\t\t<div class=\"vc_single_image-wrapper   vc_box_border_grey\"><img loading=\"lazy\" decoding=\"async\" width=\"2000\" height=\"1333\" src=\"https:\/\/miharencelj.com\/wp-content\/uploads\/Miha-Rencelj-in-Zoran-Mosic_foto_Marko_Delbello_Ocepek.jpg\" class=\"vc_single_image-img attachment-full\" alt=\"\" title=\"Miha Renc\u030celj in Zoran Mosic\u0301_foto_Marko_Delbello_Ocepek\" srcset=\"https:\/\/miharencelj.com\/wp-content\/uploads\/Miha-Rencelj-in-Zoran-Mosic_foto_Marko_Delbello_Ocepek.jpg 2000w, https:\/\/miharencelj.com\/wp-content\/uploads\/Miha-Rencelj-in-Zoran-Mosic_foto_Marko_Delbello_Ocepek-300x200.jpg 300w, https:\/\/miharencelj.com\/wp-content\/uploads\/Miha-Rencelj-in-Zoran-Mosic_foto_Marko_Delbello_Ocepek-1024x682.jpg 1024w, https:\/\/miharencelj.com\/wp-content\/uploads\/Miha-Rencelj-in-Zoran-Mosic_foto_Marko_Delbello_Ocepek-768x512.jpg 768w, https:\/\/miharencelj.com\/wp-content\/uploads\/Miha-Rencelj-in-Zoran-Mosic_foto_Marko_Delbello_Ocepek-1536x1024.jpg 1536w, https:\/\/miharencelj.com\/wp-content\/uploads\/Miha-Rencelj-in-Zoran-Mosic_foto_Marko_Delbello_Ocepek-18x12.jpg 18w\" sizes=\"(max-width: 2000px) 100vw, 2000px\" \/><\/div>\n\t\t<\/figure>\n\t<\/div>\n<\/div><\/div><\/div><\/div><div class=\"vc_row wpb_row vc_row-fluid\"><div class=\"wpb_column vc_column_container vc_col-sm-12\"><div class=\"vc_column-inner\"><div class=\"wpb_wrapper\"><\/div><\/div><\/div><\/div><div class=\"vc_row wpb_row vc_row-fluid\"><div class=\"wpb_column vc_column_container vc_col-sm-12\"><div class=\"vc_column-inner\"><div class=\"wpb_wrapper\"><\/div><\/div><\/div><\/div>\n<\/div>","protected":false},"excerpt":{"rendered":"Najemite me za poro\u010dni obred, rojstnodnevne zabave, poslovne dogodke, novoletne poslovne zabave, pogrebe ali druge prilo\u017enosti. Ponavadi igram klavir instrumentalno (kulisna glasba) ali kot spremljavo ob petju ali saksofonu. Glede izbora pesmi se vedno posku\u0161am prilagoditi \u017eeljam naro\u010dnika. Izvajam razli\u010dne...","protected":false},"author":2,"featured_media":5234,"parent":0,"menu_order":0,"comment_status":"closed","ping_status":"closed","template":"","meta":{"footnotes":""},"yoast_head":"<!-- This site is optimized with the Yoast SEO plugin v23.2 - https:\/\/yoast.com\/wordpress\/plugins\/seo\/ -->\n<title>\u017diva glasba - Miha Ren\u010delj<\/title>\n<meta name=\"robots\" content=\"index, follow, max-snippet:-1, max-image-preview:large, max-video-preview:-1\" \/>\n<link rel=\"canonical\" href=\"https:\/\/miharencelj.com\/en\/ziva-glasba\/\" \/>\n<meta property=\"og:locale\" content=\"en_GB\" \/>\n<meta property=\"og:type\" content=\"article\" \/>\n<meta property=\"og:title\" content=\"\u017diva glasba - Miha Ren\u010delj\" \/>\n<meta property=\"og:url\" content=\"https:\/\/miharencelj.com\/en\/ziva-glasba\/\" \/>\n<meta property=\"og:site_name\" content=\"Miha Ren\u010delj\" \/>\n<meta property=\"article:modified_time\" content=\"2025-03-27T20:13:56+00:00\" \/>\n<meta property=\"og:image\" content=\"https:\/\/miharencelj.com\/wp-content\/uploads\/Miha-poroka-compresses-scaled.jpg\" \/>\n\t<meta property=\"og:image:width\" content=\"2560\" \/>\n\t<meta property=\"og:image:height\" content=\"1723\" \/>\n\t<meta property=\"og:image:type\" content=\"image\/jpeg\" \/>\n<meta name=\"twitter:card\" content=\"summary_large_image\" \/>\n<meta name=\"twitter:label1\" content=\"Estimated reading time\" \/>\n\t<meta name=\"twitter:data1\" content=\"1 minute\" \/>\n<script type=\"application\/ld+json\" class=\"yoast-schema-graph\">{\"@context\":\"https:\/\/schema.org\",\"@graph\":[{\"@type\":\"WebPage\",\"@id\":\"https:\/\/miharencelj.com\/ziva-glasba\/\",\"url\":\"https:\/\/miharencelj.com\/ziva-glasba\/\",\"name\":\"\u017diva glasba - Miha Ren\u010delj\",\"isPartOf\":{\"@id\":\"https:\/\/miharencelj.com\/#website\"},\"primaryImageOfPage\":{\"@id\":\"https:\/\/miharencelj.com\/ziva-glasba\/#primaryimage\"},\"image\":{\"@id\":\"https:\/\/miharencelj.com\/ziva-glasba\/#primaryimage\"},\"thumbnailUrl\":\"https:\/\/miharencelj.com\/wp-content\/uploads\/Miha-poroka-compresses-scaled.jpg\",\"datePublished\":\"2023-01-17T19:50:04+00:00\",\"dateModified\":\"2025-03-27T20:13:56+00:00\",\"breadcrumb\":{\"@id\":\"https:\/\/miharencelj.com\/ziva-glasba\/#breadcrumb\"},\"inLanguage\":\"en-GB\",\"potentialAction\":[{\"@type\":\"ReadAction\",\"target\":[\"https:\/\/miharencelj.com\/ziva-glasba\/\"]}]},{\"@type\":\"ImageObject\",\"inLanguage\":\"en-GB\",\"@id\":\"https:\/\/miharencelj.com\/ziva-glasba\/#primaryimage\",\"url\":\"https:\/\/miharencelj.com\/wp-content\/uploads\/Miha-poroka-compresses-scaled.jpg\",\"contentUrl\":\"https:\/\/miharencelj.com\/wp-content\/uploads\/Miha-poroka-compresses-scaled.jpg\",\"width\":2560,\"height\":1723,\"caption\":\"Poro\u010dni obred v Gori\u0161kih brdih. Foto: Nejc Bole\"},{\"@type\":\"BreadcrumbList\",\"@id\":\"https:\/\/miharencelj.com\/ziva-glasba\/#breadcrumb\",\"itemListElement\":[{\"@type\":\"ListItem\",\"position\":1,\"name\":\"Home\",\"item\":\"https:\/\/miharencelj.com\/\"},{\"@type\":\"ListItem\",\"position\":2,\"name\":\"\u017diva glasba\"}]},{\"@type\":\"WebSite\",\"@id\":\"https:\/\/miharencelj.com\/#website\",\"url\":\"https:\/\/miharencelj.com\/\",\"name\":\"Miha Ren\u010delj\",\"description\":\"Pianist | avtor | instrumentalist\",\"publisher\":{\"@id\":\"https:\/\/miharencelj.com\/#\/schema\/person\/0a81843d9ee1c4b95ffe8a564cb9b485\"},\"potentialAction\":[{\"@type\":\"SearchAction\",\"target\":{\"@type\":\"EntryPoint\",\"urlTemplate\":\"https:\/\/miharencelj.com\/?s={search_term_string}\"},\"query-input\":\"required name=search_term_string\"}],\"inLanguage\":\"en-GB\"},{\"@type\":[\"Person\",\"Organization\"],\"@id\":\"https:\/\/miharencelj.com\/#\/schema\/person\/0a81843d9ee1c4b95ffe8a564cb9b485\",\"name\":\"Miha Ren\u010delj\",\"image\":{\"@type\":\"ImageObject\",\"inLanguage\":\"en-GB\",\"@id\":\"https:\/\/miharencelj.com\/#\/schema\/person\/image\/\",\"url\":\"https:\/\/secure.gravatar.com\/avatar\/ad378a22ba61fdbc84ee043792c96909?s=96&d=mm&r=g\",\"contentUrl\":\"https:\/\/secure.gravatar.com\/avatar\/ad378a22ba61fdbc84ee043792c96909?s=96&d=mm&r=g\",\"caption\":\"Miha Ren\u010delj\"},\"logo\":{\"@id\":\"https:\/\/miharencelj.com\/#\/schema\/person\/image\/\"},\"sameAs\":[\"https:\/\/miharencelj.com\/\"]}]}<\/script>\n<!-- \/ Yoast SEO plugin. -->","yoast_head_json":{"title":"\u017diva glasba - Miha Ren\u010delj","robots":{"index":"index","follow":"follow","max-snippet":"max-snippet:-1","max-image-preview":"max-image-preview:large","max-video-preview":"max-video-preview:-1"},"canonical":"https:\/\/miharencelj.com\/en\/ziva-glasba\/","og_locale":"en_GB","og_type":"article","og_title":"\u017diva glasba - Miha Ren\u010delj","og_url":"https:\/\/miharencelj.com\/en\/ziva-glasba\/","og_site_name":"Miha Ren\u010delj","article_modified_time":"2025-03-27T20:13:56+00:00","og_image":[{"width":2560,"height":1723,"url":"https:\/\/miharencelj.com\/wp-content\/uploads\/Miha-poroka-compresses-scaled.jpg","type":"image\/jpeg"}],"twitter_card":"summary_large_image","twitter_misc":{"Estimated reading time":"1 minute"},"schema":{"@context":"https:\/\/schema.org","@graph":[{"@type":"WebPage","@id":"https:\/\/miharencelj.com\/ziva-glasba\/","url":"https:\/\/miharencelj.com\/ziva-glasba\/","name":"\u017diva glasba - Miha Ren\u010delj","isPartOf":{"@id":"https:\/\/miharencelj.com\/#website"},"primaryImageOfPage":{"@id":"https:\/\/miharencelj.com\/ziva-glasba\/#primaryimage"},"image":{"@id":"https:\/\/miharencelj.com\/ziva-glasba\/#primaryimage"},"thumbnailUrl":"https:\/\/miharencelj.com\/wp-content\/uploads\/Miha-poroka-compresses-scaled.jpg","datePublished":"2023-01-17T19:50:04+00:00","dateModified":"2025-03-27T20:13:56+00:00","breadcrumb":{"@id":"https:\/\/miharencelj.com\/ziva-glasba\/#breadcrumb"},"inLanguage":"en-GB","potentialAction":[{"@type":"ReadAction","target":["https:\/\/miharencelj.com\/ziva-glasba\/"]}]},{"@type":"ImageObject","inLanguage":"en-GB","@id":"https:\/\/miharencelj.com\/ziva-glasba\/#primaryimage","url":"https:\/\/miharencelj.com\/wp-content\/uploads\/Miha-poroka-compresses-scaled.jpg","contentUrl":"https:\/\/miharencelj.com\/wp-content\/uploads\/Miha-poroka-compresses-scaled.jpg","width":2560,"height":1723,"caption":"Poro\u010dni obred v Gori\u0161kih brdih. Foto: Nejc Bole"},{"@type":"BreadcrumbList","@id":"https:\/\/miharencelj.com\/ziva-glasba\/#breadcrumb","itemListElement":[{"@type":"ListItem","position":1,"name":"Home","item":"https:\/\/miharencelj.com\/"},{"@type":"ListItem","position":2,"name":"\u017diva glasba"}]},{"@type":"WebSite","@id":"https:\/\/miharencelj.com\/#website","url":"https:\/\/miharencelj.com\/","name":"Miha Ren\u010delj","description":"Pianist | avtor | instrumentalist","publisher":{"@id":"https:\/\/miharencelj.com\/#\/schema\/person\/0a81843d9ee1c4b95ffe8a564cb9b485"},"potentialAction":[{"@type":"SearchAction","target":{"@type":"EntryPoint","urlTemplate":"https:\/\/miharencelj.com\/?s={search_term_string}"},"query-input":"required name=search_term_string"}],"inLanguage":"en-GB"},{"@type":["Person","Organization"],"@id":"https:\/\/miharencelj.com\/#\/schema\/person\/0a81843d9ee1c4b95ffe8a564cb9b485","name":"Miha Ren\u010delj","image":{"@type":"ImageObject","inLanguage":"en-GB","@id":"https:\/\/miharencelj.com\/#\/schema\/person\/image\/","url":"https:\/\/secure.gravatar.com\/avatar\/ad378a22ba61fdbc84ee043792c96909?s=96&d=mm&r=g","contentUrl":"https:\/\/secure.gravatar.com\/avatar\/ad378a22ba61fdbc84ee043792c96909?s=96&d=mm&r=g","caption":"Miha Ren\u010delj"},"logo":{"@id":"https:\/\/miharencelj.com\/#\/schema\/person\/image\/"},"sameAs":["https:\/\/miharencelj.com\/"]}]}},"_links":{"self":[{"href":"https:\/\/miharencelj.com\/en\/wp-json\/wp\/v2\/pages\/5188"}],"collection":[{"href":"https:\/\/miharencelj.com\/en\/wp-json\/wp\/v2\/pages"}],"about":[{"href":"https:\/\/miharencelj.com\/en\/wp-json\/wp\/v2\/types\/page"}],"author":[{"embeddable":true,"href":"https:\/\/miharencelj.com\/en\/wp-json\/wp\/v2\/users\/2"}],"replies":[{"embeddable":true,"href":"https:\/\/miharencelj.com\/en\/wp-json\/wp\/v2\/comments?post=5188"}],"version-history":[{"count":35,"href":"https:\/\/miharencelj.com\/en\/wp-json\/wp\/v2\/pages\/5188\/revisions"}],"predecessor-version":[{"id":5362,"href":"https:\/\/miharencelj.com\/en\/wp-json\/wp\/v2\/pages\/5188\/revisions\/5362"}],"wp:featuredmedia":[{"embeddable":true,"href":"https:\/\/miharencelj.com\/en\/wp-json\/wp\/v2\/media\/5234"}],"wp:attachment":[{"href":"https:\/\/miharencelj.com\/en\/wp-json\/wp\/v2\/media?parent=5188"}],"curies":[{"name":"wp","href":"https:\/\/api.w.org\/{rel}","templated":true}]}}