{"id":4465,"date":"2020-12-14T18:28:10","date_gmt":"2020-12-14T18:28:10","guid":{"rendered":"https:\/\/miharencelj.com\/?page_id=4465"},"modified":"2020-12-14T19:29:05","modified_gmt":"2020-12-14T19:29:05","slug":"cenik","status":"publish","type":"page","link":"https:\/\/miharencelj.com\/en\/cenik\/","title":{"rendered":"Cenik"},"content":{"rendered":"<div class=\"wpb-content-wrapper\"><div data-vc-full-width=\"true\" data-vc-full-width-init=\"false\" class=\"vc_row wpb_row vc_row-fluid\"><div class=\"lc_swp_overlay\"  data-color=\"#81b4a5\" ><\/div><div class=\"wpb_column vc_column_container vc_col-sm-12\"><div class=\"vc_column-inner\"><div class=\"wpb_wrapper\">\n\t<div class=\"wpb_text_column wpb_content_element\" >\n\t\t<div class=\"wpb_wrapper\">\n\t\t\t<h4 style=\"text-align: left;\"><span style=\"color: #ffffff;\">1 x 30 min \/ week<\/span><\/h4>\n\n\t\t<\/div>\n\t<\/div>\n<\/div><\/div><\/div><\/div><div class=\"vc_row-full-width vc_clearfix\"><\/div><div data-vc-full-width=\"true\" data-vc-full-width-init=\"false\" class=\"vc_row wpb_row vc_row-fluid\"><div class=\"lc_swp_overlay\"  data-color=\"#ffffff\" ><\/div><div class=\"wpb_column vc_column_container vc_col-sm-12\"><div class=\"vc_column-inner\"><div class=\"wpb_wrapper\">\n\t<div class=\"wpb_text_column wpb_content_element\" >\n\t\t<div class=\"wpb_wrapper\">\n\t\t\t\n\t\t<\/div>\n\t<\/div>\n<\/div><\/div><\/div><\/div><div class=\"vc_row-full-width vc_clearfix\"><\/div><div data-vc-full-width=\"true\" data-vc-full-width-init=\"false\" class=\"vc_row wpb_row vc_row-fluid\"><div class=\"lc_swp_overlay\"  data-color=\"#ffffff\" ><\/div><div class=\"wpb_column vc_column_container vc_col-sm-12\"><div class=\"vc_column-inner\"><div class=\"wpb_wrapper\">\n\t<div class=\"wpb_text_column wpb_content_element\" >\n\t\t<div class=\"wpb_wrapper\">\n\t\t\t<h6 style=\"text-align: left;\">Enomese\u010dna naro\u010dnina: 60 EUR \/ mesec<\/h6>\n<h6 style=\"text-align: left;\">Troomese\u010dna naro\u010dnina: 54 EUR \/ mesec<\/h6>\n<h6 style=\"text-align: left;\">\u0160estmese\u010dna naro\u010dnina: 57 EUR \/ mesec<\/h6>\n<h6 style=\"text-align: left;\">Devetmese\u010dna naro\u010dnina: 51 EUR \/ mesec<\/h6>\n\n\t\t<\/div>\n\t<\/div>\n<\/div><\/div><\/div><\/div><div class=\"vc_row-full-width vc_clearfix\"><\/div><div data-vc-full-width=\"true\" data-vc-full-width-init=\"false\" class=\"vc_row wpb_row vc_row-fluid\"><div class=\"lc_swp_overlay\"  data-color=\"#ffffff\" ><\/div><div class=\"wpb_column vc_column_container vc_col-sm-12\"><div class=\"vc_column-inner\"><div class=\"wpb_wrapper\">\n\t<div class=\"wpb_text_column wpb_content_element\" >\n\t\t<div class=\"wpb_wrapper\">\n\t\t\t\n\t\t<\/div>\n\t<\/div>\n<\/div><\/div><\/div><\/div><div class=\"vc_row-full-width vc_clearfix\"><\/div><div data-vc-full-width=\"true\" data-vc-full-width-init=\"false\" class=\"vc_row wpb_row vc_row-fluid\"><div class=\"lc_swp_overlay\"  data-color=\"#81b4a5\" ><\/div><div class=\"wpb_column vc_column_container vc_col-sm-12\"><div class=\"vc_column-inner\"><div class=\"wpb_wrapper\">\n\t<div class=\"wpb_text_column wpb_content_element\" >\n\t\t<div class=\"wpb_wrapper\">\n\t\t\t<h4 style=\"text-align: left;\"><span style=\"color: #ffffff;\">1 x 45 min \/ week<\/span><\/h4>\n\n\t\t<\/div>\n\t<\/div>\n<\/div><\/div><\/div><\/div><div class=\"vc_row-full-width vc_clearfix\"><\/div><div data-vc-full-width=\"true\" data-vc-full-width-init=\"false\" class=\"vc_row wpb_row vc_row-fluid\"><div class=\"lc_swp_overlay\"  data-color=\"#ffffff\" ><\/div><div class=\"wpb_column vc_column_container vc_col-sm-12\"><div class=\"vc_column-inner\"><div class=\"wpb_wrapper\">\n\t<div class=\"wpb_text_column wpb_content_element\" >\n\t\t<div class=\"wpb_wrapper\">\n\t\t\t\n\t\t<\/div>\n\t<\/div>\n<\/div><\/div><\/div><\/div><div class=\"vc_row-full-width vc_clearfix\"><\/div><div data-vc-full-width=\"true\" data-vc-full-width-init=\"false\" class=\"vc_row wpb_row vc_row-fluid\"><div class=\"lc_swp_overlay\"  data-color=\"#ffffff\" ><\/div><div class=\"wpb_column vc_column_container vc_col-sm-12\"><div class=\"vc_column-inner\"><div class=\"wpb_wrapper\">\n\t<div class=\"wpb_text_column wpb_content_element\" >\n\t\t<div class=\"wpb_wrapper\">\n\t\t\t<h6 style=\"text-align: left;\">Enomese\u010dna naro\u010dnina: 90 EUR \/ mesec<\/h6>\n<h6 style=\"text-align: left;\">Troomese\u010dna naro\u010dnina: 85 EUR \/ mesec<\/h6>\n<h6 style=\"text-align: left;\">\u0160estmese\u010dna naro\u010dnina: 80 EUR \/ mesec<\/h6>\n<h6 style=\"text-align: left;\">Devetmese\u010dna naro\u010dnina: 76 EUR \/ mesec<\/h6>\n\n\t\t<\/div>\n\t<\/div>\n<\/div><\/div><\/div><\/div><div class=\"vc_row-full-width vc_clearfix\"><\/div><div data-vc-full-width=\"true\" data-vc-full-width-init=\"false\" class=\"vc_row wpb_row vc_row-fluid\"><div class=\"lc_swp_overlay\"  data-color=\"#ffffff\" ><\/div><div class=\"wpb_column vc_column_container vc_col-sm-12\"><div class=\"vc_column-inner\"><div class=\"wpb_wrapper\">\n\t<div class=\"wpb_text_column wpb_content_element\" >\n\t\t<div class=\"wpb_wrapper\">\n\t\t\t\n\t\t<\/div>\n\t<\/div>\n<\/div><\/div><\/div><\/div><div class=\"vc_row-full-width vc_clearfix\"><\/div><div data-vc-full-width=\"true\" data-vc-full-width-init=\"false\" class=\"vc_row wpb_row vc_row-fluid\"><div class=\"lc_swp_overlay\"  data-color=\"#81b4a5\" ><\/div><div class=\"wpb_column vc_column_container vc_col-sm-12\"><div class=\"vc_column-inner\"><div class=\"wpb_wrapper\">\n\t<div class=\"wpb_text_column wpb_content_element\" >\n\t\t<div class=\"wpb_wrapper\">\n\t\t\t<h4><span style=\"color: #ffffff;\">1 x 60 min \/ week or 2 x 30 min \/ week<\/span><\/h4>\n\n\t\t<\/div>\n\t<\/div>\n<\/div><\/div><\/div><\/div><div class=\"vc_row-full-width vc_clearfix\"><\/div><div data-vc-full-width=\"true\" data-vc-full-width-init=\"false\" class=\"vc_row wpb_row vc_row-fluid\"><div class=\"lc_swp_overlay\"  data-color=\"#ffffff\" ><\/div><div class=\"wpb_column vc_column_container vc_col-sm-12\"><div class=\"vc_column-inner\"><div class=\"wpb_wrapper\">\n\t<div class=\"wpb_text_column wpb_content_element\" >\n\t\t<div class=\"wpb_wrapper\">\n\t\t\t\n\t\t<\/div>\n\t<\/div>\n<\/div><\/div><\/div><\/div><div class=\"vc_row-full-width vc_clearfix\"><\/div><div data-vc-full-width=\"true\" data-vc-full-width-init=\"false\" class=\"vc_row wpb_row vc_row-fluid\"><div class=\"lc_swp_overlay\"  data-color=\"#ffffff\" ><\/div><div class=\"wpb_column vc_column_container vc_col-sm-12\"><div class=\"vc_column-inner\"><div class=\"wpb_wrapper\">\n\t<div class=\"wpb_text_column wpb_content_element\" >\n\t\t<div class=\"wpb_wrapper\">\n\t\t\t<h6 style=\"text-align: left;\">Enomese\u010dna naro\u010dnina: 120 EUR \/ mesec<\/h6>\n<h6 style=\"text-align: left;\">Troomese\u010dna naro\u010dnina: 114 EUR \/ mesec<\/h6>\n<h6 style=\"text-align: left;\">\u0160estmese\u010dna naro\u010dnina: 108 EUR \/mesec<\/h6>\n<h6 style=\"text-align: left;\">Devetmese\u010dna naro\u010dnina: 102 EUR \/ mesec<\/h6>\n\n\t\t<\/div>\n\t<\/div>\n<\/div><\/div><\/div><\/div><div class=\"vc_row-full-width vc_clearfix\"><\/div><div data-vc-full-width=\"true\" data-vc-full-width-init=\"false\" class=\"vc_row wpb_row vc_row-fluid\"><div class=\"lc_swp_overlay\"  data-color=\"#ffffff\" ><\/div><div class=\"wpb_column vc_column_container vc_col-sm-12\"><div class=\"vc_column-inner\"><div class=\"wpb_wrapper\">\n\t<div class=\"wpb_text_column wpb_content_element\" >\n\t\t<div class=\"wpb_wrapper\">\n\t\t\t\n\t\t<\/div>\n\t<\/div>\n<\/div><\/div><\/div><\/div><div class=\"vc_row-full-width vc_clearfix\"><\/div><div data-vc-full-width=\"true\" data-vc-full-width-init=\"false\" class=\"vc_row wpb_row vc_row-fluid\"><div class=\"lc_swp_overlay\"  data-color=\"#81b4a5\" ><\/div><div class=\"wpb_column vc_column_container vc_col-sm-12\"><div class=\"vc_column-inner\"><div class=\"wpb_wrapper\">\n\t<div class=\"wpb_text_column wpb_content_element\" >\n\t\t<div class=\"wpb_wrapper\">\n\t\t\t<h4><span style=\"color: #ffffff;\">2 x 45 min \/ week<\/span><\/h4>\n\n\t\t<\/div>\n\t<\/div>\n<\/div><\/div><\/div><\/div><div class=\"vc_row-full-width vc_clearfix\"><\/div><div data-vc-full-width=\"true\" data-vc-full-width-init=\"false\" class=\"vc_row wpb_row vc_row-fluid\"><div class=\"lc_swp_overlay\"  data-color=\"#ffffff\" ><\/div><div class=\"wpb_column vc_column_container vc_col-sm-12\"><div class=\"vc_column-inner\"><div class=\"wpb_wrapper\">\n\t<div class=\"wpb_text_column wpb_content_element\" >\n\t\t<div class=\"wpb_wrapper\">\n\t\t\t\n\t\t<\/div>\n\t<\/div>\n<\/div><\/div><\/div><\/div><div class=\"vc_row-full-width vc_clearfix\"><\/div><div data-vc-full-width=\"true\" data-vc-full-width-init=\"false\" class=\"vc_row wpb_row vc_row-fluid\"><div class=\"lc_swp_overlay\"  data-color=\"#ffffff\" ><\/div><div class=\"wpb_column vc_column_container vc_col-sm-12\"><div class=\"vc_column-inner\"><div class=\"wpb_wrapper\">\n\t<div class=\"wpb_text_column wpb_content_element\" >\n\t\t<div class=\"wpb_wrapper\">\n\t\t\t<h6 style=\"text-align: left;\">Enomese\u010dna naro\u010dnina: 180 EUR \/ mesec<\/h6>\n<h6 style=\"text-align: left;\">Troomese\u010dna naro\u010dnina: 171 EUR \/ mesec<\/h6>\n<h6 style=\"text-align: left;\">\u0160estmese\u010dna naro\u010dnina: 162 EUR \/mesec<\/h6>\n<h6 style=\"text-align: left;\">Devetmese\u010dna naro\u010dnina: 153 EUR \/ mesec<\/h6>\n\n\t\t<\/div>\n\t<\/div>\n<\/div><\/div><\/div><\/div><div class=\"vc_row-full-width vc_clearfix\"><\/div><div data-vc-full-width=\"true\" data-vc-full-width-init=\"false\" class=\"vc_row wpb_row vc_row-fluid\"><div class=\"lc_swp_overlay\"  data-color=\"#ffffff\" ><\/div><div class=\"wpb_column vc_column_container vc_col-sm-12\"><div class=\"vc_column-inner\"><div class=\"wpb_wrapper\">\n\t<div class=\"wpb_text_column wpb_content_element\" >\n\t\t<div class=\"wpb_wrapper\">\n\t\t\t\n\t\t<\/div>\n\t<\/div>\n<\/div><\/div><\/div><\/div><div class=\"vc_row-full-width vc_clearfix\"><\/div><div data-vc-full-width=\"true\" data-vc-full-width-init=\"false\" class=\"vc_row wpb_row vc_row-fluid\"><div class=\"lc_swp_overlay\"  data-color=\"#81b4a5\" ><\/div><div class=\"wpb_column vc_column_container vc_col-sm-12\"><div class=\"vc_column-inner\"><div class=\"wpb_wrapper\">\n\t<div class=\"wpb_text_column wpb_content_element\" >\n\t\t<div class=\"wpb_wrapper\">\n\t\t\t<h4><span style=\"color: #ffffff;\">2 x 60 min \/ week<\/span><\/h4>\n\n\t\t<\/div>\n\t<\/div>\n<\/div><\/div><\/div><\/div><div class=\"vc_row-full-width vc_clearfix\"><\/div><div data-vc-full-width=\"true\" data-vc-full-width-init=\"false\" class=\"vc_row wpb_row vc_row-fluid\"><div class=\"lc_swp_overlay\"  data-color=\"#ffffff\" ><\/div><div class=\"wpb_column vc_column_container vc_col-sm-12\"><div class=\"vc_column-inner\"><div class=\"wpb_wrapper\">\n\t<div class=\"wpb_text_column wpb_content_element\" >\n\t\t<div class=\"wpb_wrapper\">\n\t\t\t\n\t\t<\/div>\n\t<\/div>\n<\/div><\/div><\/div><\/div><div class=\"vc_row-full-width vc_clearfix\"><\/div><div data-vc-full-width=\"true\" data-vc-full-width-init=\"false\" class=\"vc_row wpb_row vc_row-fluid\"><div class=\"lc_swp_overlay\"  data-color=\"#ffffff\" ><\/div><div class=\"wpb_column vc_column_container vc_col-sm-12\"><div class=\"vc_column-inner\"><div class=\"wpb_wrapper\">\n\t<div class=\"wpb_text_column wpb_content_element\" >\n\t\t<div class=\"wpb_wrapper\">\n\t\t\t<h6 style=\"text-align: left;\">Enomese\u010dna naro\u010dnina: 240 EUR \/ mesec<\/h6>\n<h6 style=\"text-align: left;\">Troomese\u010dna naro\u010dnina: 228 EUR \/ mesec<\/h6>\n<h6 style=\"text-align: left;\">\u0160estmese\u010dna naro\u010dnina: 216 EUR \/mesec<\/h6>\n<h6 style=\"text-align: left;\">Devetmese\u010dna naro\u010dnina: 204 EUR \/ mesec<\/h6>\n\n\t\t<\/div>\n\t<\/div>\n<\/div><\/div><\/div><\/div><div class=\"vc_row-full-width vc_clearfix\"><\/div><div class=\"vc_row wpb_row vc_row-fluid\"><div class=\"wpb_column vc_column_container vc_col-sm-12\"><div class=\"vc_column-inner\"><div class=\"wpb_wrapper\"><\/div><\/div><\/div><\/div>\n<\/div>","protected":false},"excerpt":{"rendered":"1 x 30 min \/ teden Enomese\u010dna naro\u010dnina: 60 EUR \/ mesec Troomese\u010dna naro\u010dnina: 54 EUR \/ mesec \u0160estmese\u010dna naro\u010dnina: 57 EUR \/ mesec Devetmese\u010dna naro\u010dnina: 51 EUR \/ mesec 1 x 45 min \/ teden Enomese\u010dna naro\u010dnina: 90 EUR...","protected":false},"author":2,"featured_media":0,"parent":0,"menu_order":0,"comment_status":"closed","ping_status":"closed","template":"","meta":{"footnotes":""},"yoast_head":"<!-- This site is optimized with the Yoast SEO plugin v23.2 - https:\/\/yoast.com\/wordpress\/plugins\/seo\/ -->\n<title>Cenik - Miha Ren\u010delj<\/title>\n<meta name=\"robots\" content=\"index, follow, max-snippet:-1, max-image-preview:large, max-video-preview:-1\" \/>\n<link rel=\"canonical\" href=\"https:\/\/miharencelj.com\/en\/cenik\/\" \/>\n<meta property=\"og:locale\" content=\"en_GB\" \/>\n<meta property=\"og:type\" content=\"article\" \/>\n<meta property=\"og:title\" content=\"Cenik - Miha Ren\u010delj\" \/>\n<meta property=\"og:url\" content=\"https:\/\/miharencelj.com\/en\/cenik\/\" \/>\n<meta property=\"og:site_name\" content=\"Miha Ren\u010delj\" \/>\n<meta property=\"article:modified_time\" content=\"2020-12-14T19:29:05+00:00\" \/>\n<meta property=\"og:image\" content=\"https:\/\/miharencelj.com\/wp-content\/uploads\/2020\/12\/Lice-scaled.jpg\" \/>\n\t<meta property=\"og:image:width\" content=\"2560\" \/>\n\t<meta property=\"og:image:height\" content=\"1707\" \/>\n\t<meta property=\"og:image:type\" content=\"image\/jpeg\" \/>\n<meta name=\"twitter:card\" content=\"summary_large_image\" \/>\n<meta name=\"twitter:label1\" content=\"Estimated reading time\" \/>\n\t<meta name=\"twitter:data1\" content=\"3 minutes\" \/>\n<script type=\"application\/ld+json\" class=\"yoast-schema-graph\">{\"@context\":\"https:\/\/schema.org\",\"@graph\":[{\"@type\":\"WebPage\",\"@id\":\"https:\/\/miharencelj.com\/cenik\/\",\"url\":\"https:\/\/miharencelj.com\/cenik\/\",\"name\":\"Cenik - Miha Ren\u010delj\",\"isPartOf\":{\"@id\":\"https:\/\/miharencelj.com\/#website\"},\"datePublished\":\"2020-12-14T18:28:10+00:00\",\"dateModified\":\"2020-12-14T19:29:05+00:00\",\"breadcrumb\":{\"@id\":\"https:\/\/miharencelj.com\/cenik\/#breadcrumb\"},\"inLanguage\":\"en-GB\",\"potentialAction\":[{\"@type\":\"ReadAction\",\"target\":[\"https:\/\/miharencelj.com\/cenik\/\"]}]},{\"@type\":\"BreadcrumbList\",\"@id\":\"https:\/\/miharencelj.com\/cenik\/#breadcrumb\",\"itemListElement\":[{\"@type\":\"ListItem\",\"position\":1,\"name\":\"Home\",\"item\":\"https:\/\/miharencelj.com\/\"},{\"@type\":\"ListItem\",\"position\":2,\"name\":\"Cenik\"}]},{\"@type\":\"WebSite\",\"@id\":\"https:\/\/miharencelj.com\/#website\",\"url\":\"https:\/\/miharencelj.com\/\",\"name\":\"Miha Ren\u010delj\",\"description\":\"Pianist | avtor | instrumentalist\",\"publisher\":{\"@id\":\"https:\/\/miharencelj.com\/#\/schema\/person\/0a81843d9ee1c4b95ffe8a564cb9b485\"},\"potentialAction\":[{\"@type\":\"SearchAction\",\"target\":{\"@type\":\"EntryPoint\",\"urlTemplate\":\"https:\/\/miharencelj.com\/?s={search_term_string}\"},\"query-input\":\"required name=search_term_string\"}],\"inLanguage\":\"en-GB\"},{\"@type\":[\"Person\",\"Organization\"],\"@id\":\"https:\/\/miharencelj.com\/#\/schema\/person\/0a81843d9ee1c4b95ffe8a564cb9b485\",\"name\":\"Miha Ren\u010delj\",\"image\":{\"@type\":\"ImageObject\",\"inLanguage\":\"en-GB\",\"@id\":\"https:\/\/miharencelj.com\/#\/schema\/person\/image\/\",\"url\":\"https:\/\/secure.gravatar.com\/avatar\/ad378a22ba61fdbc84ee043792c96909?s=96&d=mm&r=g\",\"contentUrl\":\"https:\/\/secure.gravatar.com\/avatar\/ad378a22ba61fdbc84ee043792c96909?s=96&d=mm&r=g\",\"caption\":\"Miha Ren\u010delj\"},\"logo\":{\"@id\":\"https:\/\/miharencelj.com\/#\/schema\/person\/image\/\"},\"sameAs\":[\"https:\/\/miharencelj.com\/\"]}]}<\/script>\n<!-- \/ Yoast SEO plugin. -->","yoast_head_json":{"title":"Cenik - Miha Ren\u010delj","robots":{"index":"index","follow":"follow","max-snippet":"max-snippet:-1","max-image-preview":"max-image-preview:large","max-video-preview":"max-video-preview:-1"},"canonical":"https:\/\/miharencelj.com\/en\/cenik\/","og_locale":"en_GB","og_type":"article","og_title":"Cenik - Miha Ren\u010delj","og_url":"https:\/\/miharencelj.com\/en\/cenik\/","og_site_name":"Miha Ren\u010delj","article_modified_time":"2020-12-14T19:29:05+00:00","og_image":[{"width":2560,"height":1707,"url":"https:\/\/miharencelj.com\/wp-content\/uploads\/2020\/12\/Lice-scaled.jpg","type":"image\/jpeg"}],"twitter_card":"summary_large_image","twitter_misc":{"Estimated reading time":"3 minutes"},"schema":{"@context":"https:\/\/schema.org","@graph":[{"@type":"WebPage","@id":"https:\/\/miharencelj.com\/cenik\/","url":"https:\/\/miharencelj.com\/cenik\/","name":"Cenik - Miha Ren\u010delj","isPartOf":{"@id":"https:\/\/miharencelj.com\/#website"},"datePublished":"2020-12-14T18:28:10+00:00","dateModified":"2020-12-14T19:29:05+00:00","breadcrumb":{"@id":"https:\/\/miharencelj.com\/cenik\/#breadcrumb"},"inLanguage":"en-GB","potentialAction":[{"@type":"ReadAction","target":["https:\/\/miharencelj.com\/cenik\/"]}]},{"@type":"BreadcrumbList","@id":"https:\/\/miharencelj.com\/cenik\/#breadcrumb","itemListElement":[{"@type":"ListItem","position":1,"name":"Home","item":"https:\/\/miharencelj.com\/"},{"@type":"ListItem","position":2,"name":"Cenik"}]},{"@type":"WebSite","@id":"https:\/\/miharencelj.com\/#website","url":"https:\/\/miharencelj.com\/","name":"Miha Ren\u010delj","description":"Pianist | avtor | instrumentalist","publisher":{"@id":"https:\/\/miharencelj.com\/#\/schema\/person\/0a81843d9ee1c4b95ffe8a564cb9b485"},"potentialAction":[{"@type":"SearchAction","target":{"@type":"EntryPoint","urlTemplate":"https:\/\/miharencelj.com\/?s={search_term_string}"},"query-input":"required name=search_term_string"}],"inLanguage":"en-GB"},{"@type":["Person","Organization"],"@id":"https:\/\/miharencelj.com\/#\/schema\/person\/0a81843d9ee1c4b95ffe8a564cb9b485","name":"Miha Ren\u010delj","image":{"@type":"ImageObject","inLanguage":"en-GB","@id":"https:\/\/miharencelj.com\/#\/schema\/person\/image\/","url":"https:\/\/secure.gravatar.com\/avatar\/ad378a22ba61fdbc84ee043792c96909?s=96&d=mm&r=g","contentUrl":"https:\/\/secure.gravatar.com\/avatar\/ad378a22ba61fdbc84ee043792c96909?s=96&d=mm&r=g","caption":"Miha Ren\u010delj"},"logo":{"@id":"https:\/\/miharencelj.com\/#\/schema\/person\/image\/"},"sameAs":["https:\/\/miharencelj.com\/"]}]}},"_links":{"self":[{"href":"https:\/\/miharencelj.com\/en\/wp-json\/wp\/v2\/pages\/4465"}],"collection":[{"href":"https:\/\/miharencelj.com\/en\/wp-json\/wp\/v2\/pages"}],"about":[{"href":"https:\/\/miharencelj.com\/en\/wp-json\/wp\/v2\/types\/page"}],"author":[{"embeddable":true,"href":"https:\/\/miharencelj.com\/en\/wp-json\/wp\/v2\/users\/2"}],"replies":[{"embeddable":true,"href":"https:\/\/miharencelj.com\/en\/wp-json\/wp\/v2\/comments?post=4465"}],"version-history":[{"count":30,"href":"https:\/\/miharencelj.com\/en\/wp-json\/wp\/v2\/pages\/4465\/revisions"}],"predecessor-version":[{"id":4495,"href":"https:\/\/miharencelj.com\/en\/wp-json\/wp\/v2\/pages\/4465\/revisions\/4495"}],"wp:attachment":[{"href":"https:\/\/miharencelj.com\/en\/wp-json\/wp\/v2\/media?parent=4465"}],"curies":[{"name":"wp","href":"https:\/\/api.w.org\/{rel}","templated":true}]}}