{"id":4438,"date":"2020-12-13T19:03:07","date_gmt":"2020-12-13T19:03:07","guid":{"rendered":"https:\/\/miharencelj.com\/?page_id=4438"},"modified":"2021-01-03T01:57:28","modified_gmt":"2021-01-03T01:57:28","slug":"odjavni-obrazec","status":"publish","type":"page","link":"https:\/\/miharencelj.com\/en\/odjavni-obrazec\/","title":{"rendered":"Withdrawal form"},"content":{"rendered":"<form class=\"wpuf-form-add weforms-3647  wpuf-style\" action=\"\" method=\"post\"   id=\"\" data-trp-original-action=\"\">\r\n\r\n            <ul class=\"wpuf-form form-label-above\">\r\n\r\n                        <li class=\"wpuf-el section_break\" data-label=\"\">\r\n            <div class=\"wpuf-section-wrap wpuf-fields section_3647 wpuf_section_break_3647\" data-style=\"wpuf-style\">\r\n                <h2 class=\"wpuf-section-title\"><\/h2>\r\n                <div class=\"wpuf-section-details\">At withdrawal from education I ask you to answer a couple of questions.<\/div>\r\n            <\/div>\r\n\r\n        <\/li>\r\n                <li class=\"wpuf-el ime_in_priimek field-size-large\" data-label=\"Ime in priimek\">\r\n                    <div class=\"wpuf-label\">\r\n            <label for=\"ime_in_priimek_3647\">Name and surname<\/label>\r\n        <\/div>\r\n        \r\n            <div class=\"wpuf-fields\">\r\n                <div class=\"wpuf-name-field-wrap format-first-last\" data-style=\"wpuf-style\">\r\n                    <div class=\"wpuf-name-field-first-name\">\r\n                        <input\r\n                            name=\"ime_in_priimek[first]\"\r\n                            type=\"text\"\r\n                            placeholder=\"\"\r\n                            value=\"\"\r\n                            size=\"40\"\r\n                            data-required=\"no\"\r\n                            data-type=\"text\"\r\n                            data-style=\"wpuf-style\"\r\n                            class=\"textfield wpuf_ime_in_priimek_3647\"\r\n                            autocomplete=\"given-name\"\r\n                        >\r\n                                            <\/div>\r\n\r\n                                            <input type=\"hidden\" name=\"ime_in_priimek[middle]\" value=\"\">\r\n                    \r\n                    <div class=\"wpuf-name-field-last-name\">\r\n                        <input\r\n                            name=\"ime_in_priimek[last]\"\r\n                            type=\"text\" class=\"textfield\"\r\n                            placeholder=\"\"\r\n                            value=\"\"\r\n                            size=\"40\"\r\n                            autocomplete=\"family-name\"\r\n                            data-style=\"wpuf-style\"\r\n                        >\r\n                                            <\/div>\r\n                <\/div>\r\n                            <\/div>\r\n        <\/li>\r\n                <li class=\"wpuf-el navedite_prosim_utemljen_razlog__ki_ga_ob_vpisu_niste_zmogli__predvideti_ field-size-large\" data-label=\"Navedite prosim utemljen razlog, ki ga ob vpisu niste zmogli  predvideti.\">\r\n                    <div class=\"wpuf-label\">\r\n            <label for=\"navedite_prosim_utemljen_razlog__ki_ga_ob_vpisu_niste_zmogli__predvideti__3647\">Please state a good reason for your withdrawal that you were not able to foresee at the time of enrollment.<\/label>\r\n        <\/div>\r\n        \r\n            <div class=\"wpuf-fields\">\r\n                <input\r\n                    class=\"textfield wpuf_navedite_prosim_utemljen_razlog__ki_ga_ob_vpisu_niste_zmogli__predvideti__3647\"\r\n                    id=\"navedite_prosim_utemljen_razlog__ki_ga_ob_vpisu_niste_zmogli__predvideti__3647\"\r\n                    type=\"text\"\r\n                    data-duplicate=\"no\"\r\n                    data-required=\"no\"\r\n                    data-type=\"text\" name=\"navedite_prosim_utemljen_razlog__ki_ga_ob_vpisu_niste_zmogli__predvideti_\"\r\n                    placeholder=\"\"\r\n                    value=\"\"\r\n                    size=\"40\"\r\n                    data-style=\"wpuf-style\"\r\n                \/>\r\n\r\n                <span class=\"wpuf-wordlimit-message wpuf-help\"><\/span>\r\n                            <\/div>\r\n                    <\/li>\r\n                <li class=\"wpuf-el v_obrazec_nalo_ite_kopijo_dokazila_za_utemeljen_razlog___e_je_to_mogo_e__ field-size-large\" data-label=\"V obrazec nalo\u017eite kopijo dokazila za utemeljen razlog, \u010de je to mogo\u010de. \">\r\n                    <div class=\"wpuf-label\">\r\n            <label for=\"v_obrazec_nalo_ite_kopijo_dokazila_za_utemeljen_razlog___e_je_to_mogo_e___3647\">Upload a copy of the proof of the cause in the form, if possible. <\/label>\r\n        <\/div>\r\n                    <div class=\"wpuf-fields\">\r\n                <div id=\"wpuf-v_obrazec_nalo_ite_kopijo_dokazila_za_utemeljen_razlog___e_je_to_mogo_e__-3647-upload-container\" data-style=\"wpuf-style\">\r\n                    <div class=\"wpuf-attachment-upload-filelist\"  data-style=\"wpuf-style\" data-type=\"file\" data-required=\"no\">\r\n                        <a id=\"wpuf-v_obrazec_nalo_ite_kopijo_dokazila_za_utemeljen_razlog___e_je_to_mogo_e__-3647-pickfiles\" data-style=\"wpuf-style\" data-form_id=\"3647\" class=\"button file-selector  wpuf_v_obrazec_nalo_ite_kopijo_dokazila_za_utemeljen_razlog___e_je_to_mogo_e___3647\" href=\"#\">Uploud<\/a>\r\n                        <ul class=\"wpuf-attachment-list thumbnails\"><\/ul>\r\n                    <\/div>\r\n                <\/div><!-- .container -->\r\n\r\n                        <span class=\"wpuf-help\">Ensure adequate protection of your own sensitive personal data (e.g. by overlapping parts of a document containing such data)<\/span>\r\n        \r\n            <\/div> <!-- .wpuf-fields -->\r\n        <\/li>\r\n                <li class=\"wpuf-el dokon_anje_u_nih_obveznosti field-size-large\" data-label=\"Dokon\u010danje u\u010dnih obveznosti\">\n                    <div class=\"wpuf-label\">\r\n            <label for=\"dokon_anje_u_nih_obveznosti_3647\">Completion of studying obligations <span class=\"required\">*<\/span><\/label>\r\n        <\/div>\r\n        \n                        <div class=\"wpuf-fields\" data-required=\"yes\" data-type=\"radio\">\n\n                                        <label class=\"wpuf-checkbox-block\">\n                            <input type=\"checkbox\" class=\"wpuf_dokon_anje_u_nih_obveznosti_3647\" name=\"dokon_anje_u_nih_obveznosti[]\" value=\"strinjam_se,_da_bom_dokon\u010dal_svoje_u\u010dne_obveznosti,_saj_me_obvezujejo_do_konca_teko\u010dega_meseca.\" \/>\n                            I agree to complete my learning obligations as I am bound by the end of the current month.                        <\/label>\n                        \n                \n            <\/div>\n        <\/li>\n                <li class=\"wpuf-el vra_ilo_popusta_na_koli_ino_ur field-size-large\" data-label=\"Vra\u010dilo popusta na koli\u010dino ur\">\r\n                    <div class=\"wpuf-label\">\r\n            <label for=\"vra_ilo_popusta_na_koli_ino_ur_3647\">Refund of the discount on the amount of lessons <span class=\"required\">*<\/span><\/label>\r\n        <\/div>\r\n        \r\n                        <div class=\"wpuf-fields\" data-required=\"yes\" data-type=\"radio\" data-style=\"wpuf-style\">\r\n\r\n                \r\n                        <label class=\"wpuf-radio-block\">\r\n                            <input\r\n                                name=\"vra_ilo_popusta_na_koli_ino_ur\"\r\n                                class=\"wpuf_vra_ilo_popusta_na_koli_ino_ur_3647\"\r\n                                type=\"radio\"\r\n                                value=\"strinjam_se,_da_mi_je_panudnik_ponudil_popust_na_koli\u010dino_ur,_ki_pa_ga_zaradi_pred\u010dasne_odjave_naro\u010dnine_ne_bom_v_celoti_opravil._zato_sem_dol\u017ean_poravnati_razliko_med_naro\u010denim_paketom,_ki_je_vseboval_popust_in_dejansko_opravljeno_koli\u010dino_ur._imam_pravico_do_obra\u010duna_po_tarifi_najvi\u0161jega_opravljenega_paketa_naro\u010dnine._\"                            \/>\r\n                            I agree that the a teacher offered me a discount on the number of lessons, which I will not complete due to the early withdrawal from education. Therefore, I am obliged to pay the difference between the ordered discount package, and the number of lessons done. I have the right to be billed according to the tariff of the highest completed discount package.                         <\/label>\r\n                        \r\n                        <label class=\"wpuf-radio-block\">\r\n                            <input\r\n                                name=\"vra_ilo_popusta_na_koli_ino_ur\"\r\n                                class=\"wpuf_vra_ilo_popusta_na_koli_ino_ur_3647\"\r\n                                type=\"radio\"\r\n                                value=\"vzel-a_sem_naro\u010dnino_le_za_en_mesec,_za_kar_mi_ponudnik_ni_ponudil_popusta.\"                            \/>\r\n                            I took the subscription for only one month, for which the provider did not offer me a discount.                        <\/label>\r\n                        \r\n                \r\n            <\/div>\r\n        <\/li>\r\n                <li class=\"wpuf-el custom_html\" data-label=\"Custom HTML\">\r\n            <div class=\"wpuf-fields html_3647 wpuf_custom_html_3647 translation-block\" data-style=\"wpuf-style\">By submitting your application, you agree to <span style=\"color: # 1985c4\"> <a style=\"color: # 1985c4\" href=\"https:\/\/miharencelj.com\/pravila-in-pogoji-poslovanja\" target=\"_ blank\" rel=\"noopener\"> Rules and Conditions of Teaching <\/a> <\/span> and <span style=\"color: # 1985c4\"> <a style=\"color: # 1985c4\" href=\"https:\/\/miharencelj.com\/pravilnik-o-varstvu-osebnih-podatkov\/\" target=\"_ blank\" rel=\"noopener\">Privacy Policy<\/a> <\/span>.<\/div>\r\n\r\n        <\/li>\r\n                <li class=\"wpuf-submit\">\r\n            <div class=\"wpuf-label\">\r\n                &nbsp;\r\n            <\/div>\r\n\r\n            <input type=\"hidden\" id=\"_wpnonce\" name=\"_wpnonce\" value=\"2ecb7afcc7\" \/><input type=\"hidden\" name=\"_wp_http_referer\" value=\"\/en\/wp-json\/wp\/v2\/pages\/4438\" \/>\r\n            <input type=\"hidden\" name=\"form_id\" value=\"3647\">\r\n            <input type=\"hidden\" name=\"page_id\" value=\"4438\">\r\n            <input type=\"hidden\" name=\"action\" value=\"weforms_frontend_submit\">\r\n\r\n                            <input type=\"hidden\" name=\"weforms-front-report\" value=\"no\">\r\n            \r\n            \r\n                            <input type=\"submit\" class=\"weforms_submit_btn wpuf_submit_3647\" name=\"submit\" value=\"I WITHDRAW FROM EDUCATION\" \/>\r\n                    <\/li>\r\n                <\/ul>\r\n\r\n        <input type=\"hidden\" name=\"trp-form-language\" value=\"en\"\/><\/form>","protected":false},"excerpt":{"rendered":"Ob odjavi naro\u010dnine te prosim, da odgovori\u0161 na par vpra\u0161anj. Ime in priimek Navedite prosim utemljen razlog, ki ga ob vpisu niste zmogli predvideti. V obrazec nalo\u017eite kopijo dokazila za utemeljen razlog, \u010de je to mogo\u010de. Nalo\u017ei Poskrbite za ustrezno...","protected":false},"author":2,"featured_media":0,"parent":0,"menu_order":0,"comment_status":"closed","ping_status":"closed","template":"","meta":{"footnotes":""},"yoast_head":"<!-- This site is optimized with the Yoast SEO plugin v23.2 - https:\/\/yoast.com\/wordpress\/plugins\/seo\/ -->\n<title>Odjavni obrazec - Miha Ren\u010delj<\/title>\n<meta name=\"robots\" content=\"index, follow, max-snippet:-1, max-image-preview:large, max-video-preview:-1\" \/>\n<link rel=\"canonical\" href=\"https:\/\/miharencelj.com\/en\/odjavni-obrazec\/\" \/>\n<meta property=\"og:locale\" content=\"en_GB\" \/>\n<meta property=\"og:type\" content=\"article\" \/>\n<meta property=\"og:title\" content=\"Odjavni obrazec - Miha Ren\u010delj\" \/>\n<meta property=\"og:url\" content=\"https:\/\/miharencelj.com\/en\/odjavni-obrazec\/\" \/>\n<meta property=\"og:site_name\" content=\"Miha Ren\u010delj\" \/>\n<meta property=\"article:modified_time\" content=\"2021-01-03T01:57:28+00:00\" \/>\n<meta property=\"og:image\" content=\"https:\/\/miharencelj.com\/wp-content\/uploads\/2020\/12\/Lice-scaled.jpg\" \/>\n\t<meta property=\"og:image:width\" content=\"2560\" \/>\n\t<meta property=\"og:image:height\" content=\"1707\" \/>\n\t<meta property=\"og:image:type\" content=\"image\/jpeg\" \/>\n<meta name=\"twitter:card\" content=\"summary_large_image\" \/>\n<script type=\"application\/ld+json\" class=\"yoast-schema-graph\">{\"@context\":\"https:\/\/schema.org\",\"@graph\":[{\"@type\":\"WebPage\",\"@id\":\"https:\/\/miharencelj.com\/odjavni-obrazec\/\",\"url\":\"https:\/\/miharencelj.com\/odjavni-obrazec\/\",\"name\":\"Odjavni obrazec - Miha Ren\u010delj\",\"isPartOf\":{\"@id\":\"https:\/\/miharencelj.com\/#website\"},\"datePublished\":\"2020-12-13T19:03:07+00:00\",\"dateModified\":\"2021-01-03T01:57:28+00:00\",\"breadcrumb\":{\"@id\":\"https:\/\/miharencelj.com\/odjavni-obrazec\/#breadcrumb\"},\"inLanguage\":\"en-GB\",\"potentialAction\":[{\"@type\":\"ReadAction\",\"target\":[\"https:\/\/miharencelj.com\/odjavni-obrazec\/\"]}]},{\"@type\":\"BreadcrumbList\",\"@id\":\"https:\/\/miharencelj.com\/odjavni-obrazec\/#breadcrumb\",\"itemListElement\":[{\"@type\":\"ListItem\",\"position\":1,\"name\":\"Home\",\"item\":\"https:\/\/miharencelj.com\/\"},{\"@type\":\"ListItem\",\"position\":2,\"name\":\"Odjavni obrazec\"}]},{\"@type\":\"WebSite\",\"@id\":\"https:\/\/miharencelj.com\/#website\",\"url\":\"https:\/\/miharencelj.com\/\",\"name\":\"Miha Ren\u010delj\",\"description\":\"Pianist | avtor | instrumentalist\",\"publisher\":{\"@id\":\"https:\/\/miharencelj.com\/#\/schema\/person\/0a81843d9ee1c4b95ffe8a564cb9b485\"},\"potentialAction\":[{\"@type\":\"SearchAction\",\"target\":{\"@type\":\"EntryPoint\",\"urlTemplate\":\"https:\/\/miharencelj.com\/?s={search_term_string}\"},\"query-input\":\"required name=search_term_string\"}],\"inLanguage\":\"en-GB\"},{\"@type\":[\"Person\",\"Organization\"],\"@id\":\"https:\/\/miharencelj.com\/#\/schema\/person\/0a81843d9ee1c4b95ffe8a564cb9b485\",\"name\":\"Miha Ren\u010delj\",\"image\":{\"@type\":\"ImageObject\",\"inLanguage\":\"en-GB\",\"@id\":\"https:\/\/miharencelj.com\/#\/schema\/person\/image\/\",\"url\":\"https:\/\/secure.gravatar.com\/avatar\/ad378a22ba61fdbc84ee043792c96909?s=96&d=mm&r=g\",\"contentUrl\":\"https:\/\/secure.gravatar.com\/avatar\/ad378a22ba61fdbc84ee043792c96909?s=96&d=mm&r=g\",\"caption\":\"Miha Ren\u010delj\"},\"logo\":{\"@id\":\"https:\/\/miharencelj.com\/#\/schema\/person\/image\/\"},\"sameAs\":[\"https:\/\/miharencelj.com\/\"]}]}<\/script>\n<!-- \/ Yoast SEO plugin. -->","yoast_head_json":{"title":"Odjavni obrazec - Miha Ren\u010delj","robots":{"index":"index","follow":"follow","max-snippet":"max-snippet:-1","max-image-preview":"max-image-preview:large","max-video-preview":"max-video-preview:-1"},"canonical":"https:\/\/miharencelj.com\/en\/odjavni-obrazec\/","og_locale":"en_GB","og_type":"article","og_title":"Odjavni obrazec - Miha Ren\u010delj","og_url":"https:\/\/miharencelj.com\/en\/odjavni-obrazec\/","og_site_name":"Miha Ren\u010delj","article_modified_time":"2021-01-03T01:57:28+00:00","og_image":[{"width":2560,"height":1707,"url":"https:\/\/miharencelj.com\/wp-content\/uploads\/2020\/12\/Lice-scaled.jpg","type":"image\/jpeg"}],"twitter_card":"summary_large_image","schema":{"@context":"https:\/\/schema.org","@graph":[{"@type":"WebPage","@id":"https:\/\/miharencelj.com\/odjavni-obrazec\/","url":"https:\/\/miharencelj.com\/odjavni-obrazec\/","name":"Odjavni obrazec - Miha Ren\u010delj","isPartOf":{"@id":"https:\/\/miharencelj.com\/#website"},"datePublished":"2020-12-13T19:03:07+00:00","dateModified":"2021-01-03T01:57:28+00:00","breadcrumb":{"@id":"https:\/\/miharencelj.com\/odjavni-obrazec\/#breadcrumb"},"inLanguage":"en-GB","potentialAction":[{"@type":"ReadAction","target":["https:\/\/miharencelj.com\/odjavni-obrazec\/"]}]},{"@type":"BreadcrumbList","@id":"https:\/\/miharencelj.com\/odjavni-obrazec\/#breadcrumb","itemListElement":[{"@type":"ListItem","position":1,"name":"Home","item":"https:\/\/miharencelj.com\/"},{"@type":"ListItem","position":2,"name":"Odjavni obrazec"}]},{"@type":"WebSite","@id":"https:\/\/miharencelj.com\/#website","url":"https:\/\/miharencelj.com\/","name":"Miha Ren\u010delj","description":"Pianist | avtor | instrumentalist","publisher":{"@id":"https:\/\/miharencelj.com\/#\/schema\/person\/0a81843d9ee1c4b95ffe8a564cb9b485"},"potentialAction":[{"@type":"SearchAction","target":{"@type":"EntryPoint","urlTemplate":"https:\/\/miharencelj.com\/?s={search_term_string}"},"query-input":"required name=search_term_string"}],"inLanguage":"en-GB"},{"@type":["Person","Organization"],"@id":"https:\/\/miharencelj.com\/#\/schema\/person\/0a81843d9ee1c4b95ffe8a564cb9b485","name":"Miha Ren\u010delj","image":{"@type":"ImageObject","inLanguage":"en-GB","@id":"https:\/\/miharencelj.com\/#\/schema\/person\/image\/","url":"https:\/\/secure.gravatar.com\/avatar\/ad378a22ba61fdbc84ee043792c96909?s=96&d=mm&r=g","contentUrl":"https:\/\/secure.gravatar.com\/avatar\/ad378a22ba61fdbc84ee043792c96909?s=96&d=mm&r=g","caption":"Miha Ren\u010delj"},"logo":{"@id":"https:\/\/miharencelj.com\/#\/schema\/person\/image\/"},"sameAs":["https:\/\/miharencelj.com\/"]}]}},"_links":{"self":[{"href":"https:\/\/miharencelj.com\/en\/wp-json\/wp\/v2\/pages\/4438"}],"collection":[{"href":"https:\/\/miharencelj.com\/en\/wp-json\/wp\/v2\/pages"}],"about":[{"href":"https:\/\/miharencelj.com\/en\/wp-json\/wp\/v2\/types\/page"}],"author":[{"embeddable":true,"href":"https:\/\/miharencelj.com\/en\/wp-json\/wp\/v2\/users\/2"}],"replies":[{"embeddable":true,"href":"https:\/\/miharencelj.com\/en\/wp-json\/wp\/v2\/comments?post=4438"}],"version-history":[{"count":1,"href":"https:\/\/miharencelj.com\/en\/wp-json\/wp\/v2\/pages\/4438\/revisions"}],"predecessor-version":[{"id":4439,"href":"https:\/\/miharencelj.com\/en\/wp-json\/wp\/v2\/pages\/4438\/revisions\/4439"}],"wp:attachment":[{"href":"https:\/\/miharencelj.com\/en\/wp-json\/wp\/v2\/media?parent=4438"}],"curies":[{"name":"wp","href":"https:\/\/api.w.org\/{rel}","templated":true}]}}