{"id":3996,"date":"2020-12-04T17:53:36","date_gmt":"2020-12-04T17:53:36","guid":{"rendered":"https:\/\/miharencelj.com\/?page_id=3996"},"modified":"2021-01-05T23:52:12","modified_gmt":"2021-01-05T23:52:12","slug":"pianist","status":"publish","type":"page","link":"https:\/\/miharencelj.com\/en\/","title":{"rendered":"Miha Ren\u010delj"},"content":{"rendered":"<div class=\"wpb-content-wrapper\"><div class=\"vc_row wpb_row vc_row-fluid\"><div class=\"wpb_column vc_column_container vc_col-sm-12\"><div class=\"vc_column-inner\"><div class=\"wpb_wrapper\">\n\t\t\t<!-- START centeredDemoSlider REVOLUTION SLIDER 6.2.21 --><p class=\"rs-p-wp-fix\"><\/p>\n\t\t\t<rs-module-wrap id=\"rev_slider_1_1_wrapper\" data-source=\"gallery\" style=\"background:transparent;padding:0;\">\n\t\t\t\t<rs-module id=\"rev_slider_1_1\" style=\"\" data-version=\"6.2.21\">\n\t\t\t\t\t<rs-slides>\n\t\t\t\t\t\t<rs-slide data-key=\"rs-1\" data-title=\"Slide\" data-anim=\"ei:d;eo:d;s:600;r:0;t:fade;sl:d;\">\n\t\t\t\t\t\t\t<img loading=\"lazy\" decoding=\"async\" src=\"\/\/miharencelj.com\/wp-content\/uploads\/2020\/12\/Lice-scaled.jpg\" title=\"Lice\" width=\"2560\" height=\"1707\" class=\"rev-slidebg\" data-no-retina>\n<!--\n\t\t\t\t\t\t\t--><rs-layer\n\t\t\t\t\t\t\t\tid=\"slider-1-slide-1-layer-1\" \n\t\t\t\t\t\t\t\tdata-type=\"text\"\n\t\t\t\t\t\t\t\tdata-color=\"rgba(255,255,255,1)\"\n\t\t\t\t\t\t\t\tdata-xy=\"x:c;xo:-9px,-2px,-8px,-6px;y:m;yo:131px,142px,128px,100px;\"\n\t\t\t\t\t\t\t\tdata-text=\"s:60,60,60,30;l:80,80,80,50;fw:700;a:inherit;\"\n\t\t\t\t\t\t\t\tdata-rsp_o=\"off\"\n\t\t\t\t\t\t\t\tdata-rsp_bd=\"off\"\n\t\t\t\t\t\t\t\tdata-frame_1=\"x:0,0,0,0px;y:0,0,0,0px;st:520;sp:800;sR:520;\"\n\t\t\t\t\t\t\t\tdata-frame_999=\"o:0;st:w;sR:7680;\"\n\t\t\t\t\t\t\t\tstyle=\"z-index:5;font-family:Open Sans;\"\n\t\t\t\t\t\t\t><span class=\"slider_white_spacing\">MIHA REN\u010cELJ<\/span> \n\t\t\t\t\t\t\t<\/rs-layer><!--\n\n\t\t\t\t\t\t\t--><rs-layer\n\t\t\t\t\t\t\t\tid=\"slider-1-slide-1-layer-2\" \n\t\t\t\t\t\t\t\tdata-type=\"text\"\n\t\t\t\t\t\t\t\tdata-color=\"rgba(255,255,255,1)\"\n\t\t\t\t\t\t\t\tdata-xy=\"x:c;xo:-10px,-7px,-14px,-6px;y:m;yo:196px,213px,206px,144px;\"\n\t\t\t\t\t\t\t\tdata-text=\"s:16;l:24;a:inherit;\"\n\t\t\t\t\t\t\t\tdata-rsp_o=\"off\"\n\t\t\t\t\t\t\t\tdata-rsp_bd=\"off\"\n\t\t\t\t\t\t\t\tdata-frame_1=\"st:1510;sp:800;sR:1510;\"\n\t\t\t\t\t\t\t\tdata-frame_999=\"o:0;st:w;sR:6690;\"\n\t\t\t\t\t\t\t\tstyle=\"z-index:6;font-family:Open Sans;\"\n\t\t\t\t\t\t\t><span class=\"lc_ls_1\">Pianist | Composer | Teacher<\/span> \n\t\t\t\t\t\t\t<\/rs-layer><!--\n\n\t\t\t\t\t\t\t--><rs-layer\n\t\t\t\t\t\t\t\tid=\"slider-1-slide-1-layer-6\" \n\t\t\t\t\t\t\t\tclass=\"rev-btn\"\n\t\t\t\t\t\t\t\tdata-type=\"button\"\n\t\t\t\t\t\t\t\tdata-color=\"#000000\"\n\t\t\t\t\t\t\t\tdata-xy=\"x:c;xo:-9px,-8px,-10px,-5px;y:m;yo:253px,273px,273px,196px;\"\n\t\t\t\t\t\t\t\tdata-text=\"s:14;l:14;a:inherit;\"\n\t\t\t\t\t\t\t\tdata-rsp_o=\"off\"\n\t\t\t\t\t\t\t\tdata-rsp_bd=\"off\"\n\t\t\t\t\t\t\t\tdata-padding=\"t:10;r:30;b:10;l:30;\"\n\t\t\t\t\t\t\t\tdata-border=\"bor:3px,3px,3px,3px;\"\n\t\t\t\t\t\t\t\tdata-frame_1=\"st:2420;sp:1000;sR:2420;\"\n\t\t\t\t\t\t\t\tdata-frame_999=\"o:0;st:w;sR:5580;\"\n\t\t\t\t\t\t\t\tdata-frame_hover=\"c:#000;bgc:#fff;boc:#fff;bor:3px,3px,3px,3px;bos:solid;oX:50;oY:50;sp:0;e:none;\"\n\t\t\t\t\t\t\t\tstyle=\"z-index:7;background-color:#ffcc00;font-family:Oswald;cursor:pointer;outline:none;box-shadow:none;box-sizing:border-box;-moz-box-sizing:border-box;-webkit-box-sizing:border-box;\"\n\t\t\t\t\t\t\t><a class=\"lc_white_color\" href=\"https:\/\/miharencelj.com\/en\/poucevanje\/\" target=\"_blank\">Online Piano Lessons<\/a> \n\t\t\t\t\t\t\t<\/rs-layer><!--\n-->\t\t\t\t\t\t<\/rs-slide>\n\t\t\t\t\t<\/rs-slides>\n\t\t\t\t<\/rs-module>\n\t\t\t\t<script type=\"text\/javascript\">\n\t\t\t\t\tsetREVStartSize({c: 'rev_slider_1_1',rl:[1240,1024,778,480],el:[868,768,960,720],gw:[1240,1024,778,480],gh:[868,768,960,720],type:'hero',justify:'',layout:'fullscreen',offsetContainer:'',offset:'',mh:\"0\"});\n\t\t\t\t\tvar\trevapi1,\n\t\t\t\t\t\ttpj;\n\t\t\t\t\tfunction revinit_revslider11() {\n\t\t\t\t\tjQuery(function() {\n\t\t\t\t\t\ttpj = jQuery;\n\t\t\t\t\t\trevapi1 = tpj(\"#rev_slider_1_1\");\n\t\t\t\t\t\tif(revapi1==undefined || revapi1.revolution == undefined){\n\t\t\t\t\t\t\trevslider_showDoubleJqueryError(\"rev_slider_1_1\");\n\t\t\t\t\t\t}else{\n\t\t\t\t\t\t\trevapi1.revolution({\n\t\t\t\t\t\t\t\tsliderType:\"hero\",\n\t\t\t\t\t\t\t\tsliderLayout:\"fullscreen\",\n\t\t\t\t\t\t\t\tvisibilityLevels:\"1240,1024,778,480\",\n\t\t\t\t\t\t\t\tgridwidth:\"1240,1024,778,480\",\n\t\t\t\t\t\t\t\tgridheight:\"868,768,960,720\",\n\t\t\t\t\t\t\t\tspinner:\"spinner2\",\n\t\t\t\t\t\t\t\tperspective:600,\n\t\t\t\t\t\t\t\tperspectiveType:\"local\",\n\t\t\t\t\t\t\t\teditorheight:\"868,768,960,720\",\n\t\t\t\t\t\t\t\tresponsiveLevels:\"1240,1024,778,480\",\n\t\t\t\t\t\t\t\tprogressBar:{disableProgressBar:true},\n\t\t\t\t\t\t\t\tnavigation: {\n\t\t\t\t\t\t\t\t\tonHoverStop:false\n\t\t\t\t\t\t\t\t},\n\t\t\t\t\t\t\t\tfallbacks: {\n\t\t\t\t\t\t\t\t\tallowHTML5AutoPlayOnAndroid:true\n\t\t\t\t\t\t\t\t},\n\t\t\t\t\t\t\t});\n\t\t\t\t\t\t}\n\t\t\t\t\t\t\n\t\t\t\t\t});\n\t\t\t\t\t} \/\/ End of RevInitScript\n\t\t\t\tif (document.readyState === \"loading\") window.addEventListener('DOMContentLoaded',function() { revinit_revslider11();}); else revinit_revslider11();\n\t\t\t\t<\/script>\n\t\t\t\t<script>\n\t\t\t\t\tvar htmlDivCss = unescape(\".slider_white_spacing%20%7B%0A%20%20letter-spacing%3A%2010px%20%21important%3B%0A%7D%0A%40media%20only%20screen%20%20and%20%28max-width%20%3A%20480px%29%20%7B%0A%20%20.slider_white_spacing%20%7B%0A%20%20%09letter-spacing%3A%202px%20%21important%3B%0A%09%7D%0A%7D%0A%20%0A.lc_ls_1%20%7B%0A%20%20letter-spacing%3A%201px%20%21important%3B%0A%7D%0A%0A.revslider_lucille_btn%20%7B%0A%20%20transition%3A%20all%200.3s%20ease-out%200s%20%21important%3B%0A%20%20-webkit-transition%3A%20all%200.3s%20ease-out%200s%20%21important%3B%0A%7D%0A%0A.rev_slider%20rs-sbg-wrap%3Aafter%20%7B%0A%20%20%20%20width%3A%20100%25%3B%0A%20%20%20%20height%3A%20100%25%3B%0A%20%20%20%20content%3A%20%22%22%3B%0A%20%20%20%20position%3A%20absolute%3B%0A%20%20%20%20left%3A%200%3B%0A%20%20%20%20top%3A%200%3B%0A%20%20%20%20pointer-events%3A%20none%3B%0A%20%0A%20%20%20%20%2F%2A%20black%20overlay%20with%2050%25%20transparency%20%2A%2F%0A%20%20%20%20background%3A%20rgba%280%2C%200%2C%200%2C%200.3%29%3B%0A%7D%0A%0Aa.lc_white_color%20%7B%0A%20%20color%3A%20%23ffffff%20%21important%3B%0A%7D%0A.rev-btn%3Ahover%20%3E%20a.lc_white_color%20%7B%0A%20%20color%3A%20%23000000%20%21important%3B%0A%7D\");\n\t\t\t\t\tvar htmlDiv = document.getElementById('rs-plugin-settings-inline-css');\n\t\t\t\t\tif(htmlDiv) {\n\t\t\t\t\t\thtmlDiv.innerHTML = htmlDiv.innerHTML + htmlDivCss;\n\t\t\t\t\t}else{\n\t\t\t\t\t\tvar htmlDiv = document.createElement('div');\n\t\t\t\t\t\thtmlDiv.innerHTML = '<style>' + htmlDivCss + '<\/style>';\n\t\t\t\t\t\tdocument.getElementsByTagName('head')[0].appendChild(htmlDiv.childNodes[0]);\n\t\t\t\t\t}\n\t\t\t\t<\/script>\n\t\t\t\t<script>\n\t\t\t\t\tvar htmlDivCss = ' #rev_slider_1_1_wrapper rs-loader.spinner2{ background-color: #FFFFFF !important; } ';\n\t\t\t\t\tvar htmlDiv = document.getElementById('rs-plugin-settings-inline-css');\n\t\t\t\t\tif(htmlDiv) {\n\t\t\t\t\t\thtmlDiv.innerHTML = htmlDiv.innerHTML + htmlDivCss;\n\t\t\t\t\t}else{\n\t\t\t\t\t\tvar htmlDiv = document.createElement('div');\n\t\t\t\t\t\thtmlDiv.innerHTML = '<style>' + htmlDivCss + '<\/style>';\n\t\t\t\t\t\tdocument.getElementsByTagName('head')[0].appendChild(htmlDiv.childNodes[0]);\n\t\t\t\t\t}\n\t\t\t\t<\/script>\n\t\t\t<\/rs-module-wrap>\n\t\t\t<!-- END REVOLUTION SLIDER -->\n<\/div><\/div><\/div><\/div>\n<\/div>","protected":false},"excerpt":{"rendered":"MIHA REN\u010cELJ pianist | avtor | u\u010ditelj U\u010denje klavirja na daljavo","protected":false},"author":2,"featured_media":4644,"parent":0,"menu_order":0,"comment_status":"closed","ping_status":"closed","template":"template-visual-composer.php","meta":{"footnotes":""},"yoast_head":"<!-- This site is optimized with the Yoast SEO plugin v23.2 - https:\/\/yoast.com\/wordpress\/plugins\/seo\/ -->\n<title>Miha Ren\u010delj \u2223 pianist \u2223 avtor \u2223 u\u010ditelj<\/title>\n<meta name=\"description\" content=\"Miha Ren\u010delj deluje na podro\u010dju kulture in pou\u010duje klavir. Spletna stran namenjena predstavitvi slovenskega glasbenika, ustvarjalca in u\u010ditelja.\" \/>\n<meta name=\"robots\" content=\"index, follow, max-snippet:-1, max-image-preview:large, max-video-preview:-1\" \/>\n<link rel=\"canonical\" href=\"https:\/\/miharencelj.com\/en\/\" \/>\n<meta property=\"og:locale\" content=\"en_GB\" \/>\n<meta property=\"og:type\" content=\"article\" \/>\n<meta property=\"og:title\" content=\"Miha Ren\u010delj \u2223 pianist \u2223 avtor \u2223 u\u010ditelj\" \/>\n<meta property=\"og:description\" content=\"Miha Ren\u010delj deluje na podro\u010dju kulture in pou\u010duje klavir. Spletna stran namenjena predstavitvi slovenskega glasbenika, ustvarjalca in u\u010ditelja.\" \/>\n<meta property=\"og:url\" content=\"https:\/\/miharencelj.com\/en\/\" \/>\n<meta property=\"og:site_name\" content=\"Miha Ren\u010delj\" \/>\n<meta property=\"article:modified_time\" content=\"2021-01-05T23:52:12+00:00\" \/>\n<meta property=\"og:image\" content=\"https:\/\/miharencelj.com\/wp-content\/uploads\/2020\/12\/Lice-scaled.jpg\" \/>\n\t<meta property=\"og:image:width\" content=\"2560\" \/>\n\t<meta property=\"og:image:height\" content=\"1707\" \/>\n\t<meta property=\"og:image:type\" content=\"image\/jpeg\" \/>\n<meta name=\"twitter:card\" content=\"summary_large_image\" \/>\n<script type=\"application\/ld+json\" class=\"yoast-schema-graph\">{\"@context\":\"https:\/\/schema.org\",\"@graph\":[{\"@type\":\"WebPage\",\"@id\":\"https:\/\/miharencelj.com\/\",\"url\":\"https:\/\/miharencelj.com\/\",\"name\":\"Miha Ren\u010delj \u2223 pianist \u2223 avtor \u2223 u\u010ditelj\",\"isPartOf\":{\"@id\":\"https:\/\/miharencelj.com\/#website\"},\"primaryImageOfPage\":{\"@id\":\"https:\/\/miharencelj.com\/#primaryimage\"},\"image\":{\"@id\":\"https:\/\/miharencelj.com\/#primaryimage\"},\"thumbnailUrl\":\"https:\/\/miharencelj.com\/wp-content\/uploads\/2020\/12\/Lice-scaled.jpg\",\"datePublished\":\"2020-12-04T17:53:36+00:00\",\"dateModified\":\"2021-01-05T23:52:12+00:00\",\"description\":\"Miha Ren\u010delj deluje na podro\u010dju kulture in pou\u010duje klavir. Spletna stran namenjena predstavitvi slovenskega glasbenika, ustvarjalca in u\u010ditelja.\",\"breadcrumb\":{\"@id\":\"https:\/\/miharencelj.com\/#breadcrumb\"},\"inLanguage\":\"en-GB\",\"potentialAction\":[{\"@type\":\"ReadAction\",\"target\":[\"https:\/\/miharencelj.com\/\"]}]},{\"@type\":\"ImageObject\",\"inLanguage\":\"en-GB\",\"@id\":\"https:\/\/miharencelj.com\/#primaryimage\",\"url\":\"https:\/\/miharencelj.com\/wp-content\/uploads\/2020\/12\/Lice-scaled.jpg\",\"contentUrl\":\"https:\/\/miharencelj.com\/wp-content\/uploads\/2020\/12\/Lice-scaled.jpg\",\"width\":2560,\"height\":1707},{\"@type\":\"BreadcrumbList\",\"@id\":\"https:\/\/miharencelj.com\/#breadcrumb\",\"itemListElement\":[{\"@type\":\"ListItem\",\"position\":1,\"name\":\"Home\",\"item\":\"https:\/\/miharencelj.com\/\"},{\"@type\":\"ListItem\",\"position\":2,\"name\":\"Miha Ren\u010delj\"}]},{\"@type\":\"WebSite\",\"@id\":\"https:\/\/miharencelj.com\/#website\",\"url\":\"https:\/\/miharencelj.com\/\",\"name\":\"Miha Ren\u010delj\",\"description\":\"Pianist | avtor | instrumentalist\",\"publisher\":{\"@id\":\"https:\/\/miharencelj.com\/#\/schema\/person\/0a81843d9ee1c4b95ffe8a564cb9b485\"},\"potentialAction\":[{\"@type\":\"SearchAction\",\"target\":{\"@type\":\"EntryPoint\",\"urlTemplate\":\"https:\/\/miharencelj.com\/?s={search_term_string}\"},\"query-input\":\"required name=search_term_string\"}],\"inLanguage\":\"en-GB\"},{\"@type\":[\"Person\",\"Organization\"],\"@id\":\"https:\/\/miharencelj.com\/#\/schema\/person\/0a81843d9ee1c4b95ffe8a564cb9b485\",\"name\":\"Miha Ren\u010delj\",\"image\":{\"@type\":\"ImageObject\",\"inLanguage\":\"en-GB\",\"@id\":\"https:\/\/miharencelj.com\/#\/schema\/person\/image\/\",\"url\":\"https:\/\/secure.gravatar.com\/avatar\/ad378a22ba61fdbc84ee043792c96909?s=96&d=mm&r=g\",\"contentUrl\":\"https:\/\/secure.gravatar.com\/avatar\/ad378a22ba61fdbc84ee043792c96909?s=96&d=mm&r=g\",\"caption\":\"Miha Ren\u010delj\"},\"logo\":{\"@id\":\"https:\/\/miharencelj.com\/#\/schema\/person\/image\/\"},\"sameAs\":[\"https:\/\/miharencelj.com\/\"]}]}<\/script>\n<!-- \/ Yoast SEO plugin. -->","yoast_head_json":{"title":"Miha Ren\u010delj \u2223 pianist \u2223 avtor \u2223 u\u010ditelj","description":"Miha Ren\u010delj deluje na podro\u010dju kulture in pou\u010duje klavir. Spletna stran namenjena predstavitvi slovenskega glasbenika, ustvarjalca in u\u010ditelja.","robots":{"index":"index","follow":"follow","max-snippet":"max-snippet:-1","max-image-preview":"max-image-preview:large","max-video-preview":"max-video-preview:-1"},"canonical":"https:\/\/miharencelj.com\/en\/","og_locale":"en_GB","og_type":"article","og_title":"Miha Ren\u010delj \u2223 pianist \u2223 avtor \u2223 u\u010ditelj","og_description":"Miha Ren\u010delj deluje na podro\u010dju kulture in pou\u010duje klavir. Spletna stran namenjena predstavitvi slovenskega glasbenika, ustvarjalca in u\u010ditelja.","og_url":"https:\/\/miharencelj.com\/en\/","og_site_name":"Miha Ren\u010delj","article_modified_time":"2021-01-05T23:52:12+00:00","og_image":[{"width":2560,"height":1707,"url":"https:\/\/miharencelj.com\/wp-content\/uploads\/2020\/12\/Lice-scaled.jpg","type":"image\/jpeg"}],"twitter_card":"summary_large_image","schema":{"@context":"https:\/\/schema.org","@graph":[{"@type":"WebPage","@id":"https:\/\/miharencelj.com\/","url":"https:\/\/miharencelj.com\/","name":"Miha Ren\u010delj \u2223 pianist \u2223 avtor \u2223 u\u010ditelj","isPartOf":{"@id":"https:\/\/miharencelj.com\/#website"},"primaryImageOfPage":{"@id":"https:\/\/miharencelj.com\/#primaryimage"},"image":{"@id":"https:\/\/miharencelj.com\/#primaryimage"},"thumbnailUrl":"https:\/\/miharencelj.com\/wp-content\/uploads\/2020\/12\/Lice-scaled.jpg","datePublished":"2020-12-04T17:53:36+00:00","dateModified":"2021-01-05T23:52:12+00:00","description":"Miha Ren\u010delj deluje na podro\u010dju kulture in pou\u010duje klavir. Spletna stran namenjena predstavitvi slovenskega glasbenika, ustvarjalca in u\u010ditelja.","breadcrumb":{"@id":"https:\/\/miharencelj.com\/#breadcrumb"},"inLanguage":"en-GB","potentialAction":[{"@type":"ReadAction","target":["https:\/\/miharencelj.com\/"]}]},{"@type":"ImageObject","inLanguage":"en-GB","@id":"https:\/\/miharencelj.com\/#primaryimage","url":"https:\/\/miharencelj.com\/wp-content\/uploads\/2020\/12\/Lice-scaled.jpg","contentUrl":"https:\/\/miharencelj.com\/wp-content\/uploads\/2020\/12\/Lice-scaled.jpg","width":2560,"height":1707},{"@type":"BreadcrumbList","@id":"https:\/\/miharencelj.com\/#breadcrumb","itemListElement":[{"@type":"ListItem","position":1,"name":"Home","item":"https:\/\/miharencelj.com\/"},{"@type":"ListItem","position":2,"name":"Miha Ren\u010delj"}]},{"@type":"WebSite","@id":"https:\/\/miharencelj.com\/#website","url":"https:\/\/miharencelj.com\/","name":"Miha Ren\u010delj","description":"Pianist | avtor | instrumentalist","publisher":{"@id":"https:\/\/miharencelj.com\/#\/schema\/person\/0a81843d9ee1c4b95ffe8a564cb9b485"},"potentialAction":[{"@type":"SearchAction","target":{"@type":"EntryPoint","urlTemplate":"https:\/\/miharencelj.com\/?s={search_term_string}"},"query-input":"required name=search_term_string"}],"inLanguage":"en-GB"},{"@type":["Person","Organization"],"@id":"https:\/\/miharencelj.com\/#\/schema\/person\/0a81843d9ee1c4b95ffe8a564cb9b485","name":"Miha Ren\u010delj","image":{"@type":"ImageObject","inLanguage":"en-GB","@id":"https:\/\/miharencelj.com\/#\/schema\/person\/image\/","url":"https:\/\/secure.gravatar.com\/avatar\/ad378a22ba61fdbc84ee043792c96909?s=96&d=mm&r=g","contentUrl":"https:\/\/secure.gravatar.com\/avatar\/ad378a22ba61fdbc84ee043792c96909?s=96&d=mm&r=g","caption":"Miha Ren\u010delj"},"logo":{"@id":"https:\/\/miharencelj.com\/#\/schema\/person\/image\/"},"sameAs":["https:\/\/miharencelj.com\/"]}]}},"_links":{"self":[{"href":"https:\/\/miharencelj.com\/en\/wp-json\/wp\/v2\/pages\/3996"}],"collection":[{"href":"https:\/\/miharencelj.com\/en\/wp-json\/wp\/v2\/pages"}],"about":[{"href":"https:\/\/miharencelj.com\/en\/wp-json\/wp\/v2\/types\/page"}],"author":[{"embeddable":true,"href":"https:\/\/miharencelj.com\/en\/wp-json\/wp\/v2\/users\/2"}],"replies":[{"embeddable":true,"href":"https:\/\/miharencelj.com\/en\/wp-json\/wp\/v2\/comments?post=3996"}],"version-history":[{"count":63,"href":"https:\/\/miharencelj.com\/en\/wp-json\/wp\/v2\/pages\/3996\/revisions"}],"predecessor-version":[{"id":4659,"href":"https:\/\/miharencelj.com\/en\/wp-json\/wp\/v2\/pages\/3996\/revisions\/4659"}],"wp:featuredmedia":[{"embeddable":true,"href":"https:\/\/miharencelj.com\/en\/wp-json\/wp\/v2\/media\/4644"}],"wp:attachment":[{"href":"https:\/\/miharencelj.com\/en\/wp-json\/wp\/v2\/media?parent=3996"}],"curies":[{"name":"wp","href":"https:\/\/api.w.org\/{rel}","templated":true}]}}