{"id":2977,"date":"2020-10-19T19:05:52","date_gmt":"2020-10-19T19:05:52","guid":{"rendered":"https:\/\/miharencelj.com\/?page_id=2977"},"modified":"2025-08-26T17:27:09","modified_gmt":"2025-08-26T17:27:09","slug":"klasicni","status":"publish","type":"page","link":"https:\/\/miharencelj.com\/en\/klasicni\/","title":{"rendered":"Classical programme"},"content":{"rendered":"<div class=\"wpb-content-wrapper\"><div class=\"vc_row wpb_row vc_row-fluid\"><div class=\"wpb_column vc_column_container vc_col-sm-12\"><div class=\"vc_column-inner\"><div class=\"wpb_wrapper\">\n\t<div class=\"wpb_text_column wpb_content_element\" >\n\t\t<div class=\"wpb_wrapper\">\n\t\t\t<h6 style=\"text-align: center;\"><em>\u201cMusic is a higher revelation than all wisdom and philosophy\u201d<\/em><br \/>\n<em>Ludvig van Beethoven<\/em><\/h6>\n\n\t\t<\/div>\n\t<\/div>\n\n\t<div class=\"wpb_text_column wpb_content_element\" >\n\t\t<div class=\"wpb_wrapper\">\n\t\t\t<p style=\"text-align: center;\"><span style=\"color: #000000;\"><strong>The classical programme is intended for those who would like to work according to the program of slovenian music schools.<\/strong><\/span><\/p>\n<p style=\"text-align: center;\"><span style=\"color: #000000;\"><strong>Classes run from the enrollment date until the end of the school year, which ends with an exam at one of the slovenian state music schools.<\/strong><\/span><\/p>\n<p>\u00a0<\/p>\n\n\t\t<\/div>\n\t<\/div>\n<\/div><\/div><\/div><\/div><div class=\"vc_row wpb_row vc_row-fluid lc_swp_boxed force_boxed_width vc_column-gap-35\"><div class=\"wpb_column vc_column_container vc_col-sm-4\"><div class=\"vc_column-inner\"><div class=\"wpb_wrapper\">\r\n\r\n\t\t<div class=\"mega-price-table-5  wow bounce\" data-wow-duration=\"1's\" style=\"visibility: visible; animation-name: bounce;\">\r\n  <div class=\"pricing-table\">\r\n    <div class=\"plan featured\" style=\"background: #ffffff; border: 2px solid #81b4a5; transform: scale(1.00);\">\r\n      <div class=\"header\" style=\"background-color: #81b4a5\">\r\n        <h4 class=\"plan-title\" style=\"color: #ffffff; font-size: 15px;\">\r\n          60 min \/ week        <\/h4>\r\n        <div class=\"plan-cost\"><span class=\"plan-price\" style=\"color: #ffffff;font-size: px;\">\u20ac164<\/span><span class=\"plan-type\" style=\"color: #ffffff;font-size: px;\">\/ month<\/span><\/div>\r\n        <span class=\"price-title5-span\" style=\"border-color: #81b4a5 transparent transparent transparent;\"><\/span>\r\n      <\/div>\r\n      <div class=\"price-content\">\r\n        <ul>\n<li>240 min\/month<\/li>\n<li>suitable for year-round<\/li>\n<\/ul>\n      <\/div>\r\n      <div class=\"plan-select\">\r\n        <a href=\"https:\/\/miharencelj.com\/en\/vpisni-obrazec-klasicni-60-min-na-teden\/\" target=\"_blank\" title=\"\" style=\"font-size: px; background: #81b4a5;\">Sign up<\/a>\r\n      <\/div>\r\n    <\/div>\r\n  <\/div>\r\n<\/div>\r\n\t\t<\/div><\/div><\/div><div class=\"wpb_column vc_column_container vc_col-sm-4\"><div class=\"vc_column-inner\"><div class=\"wpb_wrapper\">\r\n\r\n\t\t<div class=\"mega-price-table-5  wow bounce\" data-wow-duration=\"1's\" style=\"visibility: visible; animation-name: bounce;\">\r\n  <div class=\"pricing-table\">\r\n    <div class=\"plan featured\" style=\"background: #ffffff; border: 2px solid #dbc47f; transform: scale(1.00);\">\r\n      <div class=\"header\" style=\"background-color: #dbc47f\">\r\n        <h4 class=\"plan-title\" style=\"color: #ffffff; font-size: 15px;\">\r\n          90 min \/ week        <\/h4>\r\n        <div class=\"plan-cost\"><span class=\"plan-price\" style=\"color: #ffffff;font-size: px;\">\u20ac236<\/span><span class=\"plan-type\" style=\"color: #ffffff;font-size: px;\">\/ month<\/span><\/div>\r\n        <span class=\"price-title5-span\" style=\"border-color: #dbc47f transparent transparent transparent;\"><\/span>\r\n      <\/div>\r\n      <div class=\"price-content\">\r\n        <ul>\n<li>360 min\/mesec<\/li>\n<li>suitable for half-year<\/li>\n<\/ul>\n      <\/div>\r\n      <div class=\"plan-select\">\r\n        <a href=\"https:\/\/miharencelj.com\/en\/prijavni-obrazec-klasicni-90-min-na-teden\/\" target=\"_blank\" title=\"\" style=\"font-size: px; background: #dbc47f;\">Sign up<\/a>\r\n      <\/div>\r\n    <\/div>\r\n  <\/div>\r\n<\/div>\r\n\t\t<\/div><\/div><\/div><div class=\"wpb_column vc_column_container vc_col-sm-4\"><div class=\"vc_column-inner\"><div class=\"wpb_wrapper\">\r\n\r\n\t\t<div class=\"mega-price-table-5  wow bounce\" data-wow-duration=\"1's\" style=\"visibility: visible; animation-name: bounce;\">\r\n  <div class=\"pricing-table\">\r\n    <div class=\"plan featured\" style=\"background: #ffffff; border: 2px solid #b18b77; transform: scale(1.00);\">\r\n      <div class=\"header\" style=\"background-color: #b18b77\">\r\n        <h4 class=\"plan-title\" style=\"color: #ffffff; font-size: 15px;\">\r\n          120 min\/week        <\/h4>\r\n        <div class=\"plan-cost\"><span class=\"plan-price\" style=\"color: #ffffff;font-size: px;\">\u20ac328<\/span><span class=\"plan-type\" style=\"color: #ffffff;font-size: px;\">\/ month<\/span><\/div>\r\n        <span class=\"price-title5-span\" style=\"border-color: #b18b77 transparent transparent transparent;\"><\/span>\r\n      <\/div>\r\n      <div class=\"price-content\">\r\n        <ul>\n<li>480 min\/mesec<\/li>\n<li>suitable for a shorter period<\/li>\n<\/ul>\n      <\/div>\r\n      <div class=\"plan-select\">\r\n        <a href=\"https:\/\/miharencelj.com\/en\/prijavni-obrazec-klasicni-120-min-na-teden\/\" target=\"_blank\" title=\"\" style=\"font-size: px; background: #b18b77;\">Sign up<\/a>\r\n      <\/div>\r\n    <\/div>\r\n  <\/div>\r\n<\/div>\r\n\t\t<\/div><\/div><\/div><\/div><div class=\"vc_row wpb_row vc_row-fluid\"><div class=\"wpb_column vc_column_container vc_col-sm-12\"><div class=\"vc_column-inner\"><div class=\"wpb_wrapper\">\n\t<div class=\"wpb_text_column wpb_content_element\" >\n\t\t<div class=\"wpb_wrapper\">\n\t\t\t\n\t\t<\/div>\n\t<\/div>\n<\/div><\/div><\/div><\/div><div class=\"vc_row wpb_row vc_row-fluid\"><div class=\"wpb_column vc_column_container vc_col-sm-12\"><div class=\"vc_column-inner\"><div class=\"wpb_wrapper\">\t\t<div class=\"cl-effect-7 creative_link_wrapper creative_link_98\" style=\"text-align: center;\">\r\n\t\t\t\r\n\t\t\t\r\n\t\t\t\r\n\t\t\t\r\n\t\t\t\t\t\t\t<a href=\"https:\/\/www.gov.si\/assets\/ministrstva\/MIZS\/Dokumenti\/Glasbena-sola\/Ucni-nacrti\/Klavir.pdf\" target=\"_blank\" title=\"\" data-hover=\"Umbrella\" style=\"color: ; font-size: 18px; text-transform: default;\">\r\n\t\t\t\t\t<span class=\"creativelink\" style=\"background: ;\"><\/span>\r\n\t\t\t\t\t\tProgramme of slovenian music schools for piano\t\t\t\t\t<span class=\"creativelink-\" style=\"background: ;\"><\/span>\r\n\t\t\t\t<\/a>\r\n\t\t\t\r\n\t\t\t\r\n\t\t\t\r\n\t\t\t\r\n\t\t\t\r\n\t\t\t\r\n\t\t\t\t\t<\/div>\r\n\r\n\t\t<style>\r\n\t\t\t.creative_link_98.cl-effect-13 a:hover::before, .creative_link_98.cl-effect-13 a:focus::before {\r\n\t\t\t\tcolor:  !important;\r\n\t\t    \ttext-shadow: 10px 0 , -10px 0  !important;\r\n\t\t\t}\t\r\n\t\t\t@media only screen and (max-width: 480px) {\r\n\t\t\t\t.creative_link_98 a {\r\n\t\t\t\t\tfont-size: px !important;\r\n\t\t\t\t}\r\n\t\t\t}\r\n\t\t<\/style>\r\n\t\t<\/div><\/div><\/div><\/div><div class=\"vc_row wpb_row vc_row-fluid\"><div class=\"wpb_column vc_column_container vc_col-sm-12\"><div class=\"vc_column-inner\"><div class=\"wpb_wrapper\">\n\t<div class=\"wpb_text_column wpb_content_element\" >\n\t\t<div class=\"wpb_wrapper\">\n\t\t\t<h6 style=\"text-align: center;\">Enrollment in the classical program takes place at the beginning of each month. There are no lessons during the school holidays.<\/h6>\n\n\t\t<\/div>\n\t<\/div>\n<\/div><\/div><\/div><\/div><div class=\"vc_row wpb_row vc_row-fluid vc_row-o-equal-height vc_row-flex\"><div class=\"wpb_column vc_column_container vc_col-sm-6\"><div class=\"vc_column-inner\"><div class=\"wpb_wrapper\"><div class=\"vc_empty_space\"   style=\"height: 50px\"><span class=\"vc_empty_space_inner\"><\/span><\/div>\t\t<div class=\"cl-effect-7 creative_link_wrapper creative_link_164\" style=\"text-align: center;\">\r\n\t\t\t\r\n\t\t\t\r\n\t\t\t\r\n\t\t\t\r\n\t\t\t\t\t\t\t<a href=\"https:\/\/miharencelj.com\/en\/otroski\/\" target=\"\" title=\"\" data-hover=\"Umbrella\" style=\"color: ; font-size: 18px; text-transform: default;\">\r\n\t\t\t\t\t<span class=\"creativelink\" style=\"background: ;\"><\/span>\r\n\t\t\t\t\t\tchildren's program\t\t\t\t\t<span class=\"creativelink-\" style=\"background: ;\"><\/span>\r\n\t\t\t\t<\/a>\r\n\t\t\t\r\n\t\t\t\r\n\t\t\t\r\n\t\t\t\r\n\t\t\t\r\n\t\t\t\r\n\t\t\t\t\t<\/div>\r\n\r\n\t\t<style>\r\n\t\t\t.creative_link_164.cl-effect-13 a:hover::before, .creative_link_164.cl-effect-13 a:focus::before {\r\n\t\t\t\tcolor:  !important;\r\n\t\t    \ttext-shadow: 10px 0 , -10px 0  !important;\r\n\t\t\t}\t\r\n\t\t\t@media only screen and (max-width: 480px) {\r\n\t\t\t\t.creative_link_164 a {\r\n\t\t\t\t\tfont-size: px !important;\r\n\t\t\t\t}\r\n\t\t\t}\r\n\t\t<\/style>\r\n\t\t<div class=\"vc_empty_space\"   style=\"height: 32px\"><span class=\"vc_empty_space_inner\"><\/span><\/div><div class=\"vc_empty_space\"   style=\"height: 32px\"><span class=\"vc_empty_space_inner\"><\/span><\/div><\/div><\/div><\/div><div class=\"wpb_column vc_column_container vc_col-sm-6\"><div class=\"vc_column-inner\"><div class=\"wpb_wrapper\"><div class=\"vc_empty_space\"   style=\"height: 50px\"><span class=\"vc_empty_space_inner\"><\/span><\/div>\t\t<div class=\"cl-effect-7 creative_link_wrapper creative_link_40\" style=\"text-align: center;\">\r\n\t\t\t\r\n\t\t\t\r\n\t\t\t\r\n\t\t\t\r\n\t\t\t\t\t\t\t<a href=\"https:\/\/miharencelj.com\/en\/raziskovalni\/\" target=\"\" title=\"\" data-hover=\"Umbrella\" style=\"color: ; font-size: 18px; text-transform: default;\">\r\n\t\t\t\t\t<span class=\"creativelink\" style=\"background: ;\"><\/span>\r\n\t\t\t\t\t\tadventurous programme\t\t\t\t\t<span class=\"creativelink-\" style=\"background: ;\"><\/span>\r\n\t\t\t\t<\/a>\r\n\t\t\t\r\n\t\t\t\r\n\t\t\t\r\n\t\t\t\r\n\t\t\t\r\n\t\t\t\r\n\t\t\t\t\t<\/div>\r\n\r\n\t\t<style>\r\n\t\t\t.creative_link_40.cl-effect-13 a:hover::before, .creative_link_40.cl-effect-13 a:focus::before {\r\n\t\t\t\tcolor:  !important;\r\n\t\t    \ttext-shadow: 10px 0 , -10px 0  !important;\r\n\t\t\t}\t\r\n\t\t\t@media only screen and (max-width: 480px) {\r\n\t\t\t\t.creative_link_40 a {\r\n\t\t\t\t\tfont-size: px !important;\r\n\t\t\t\t}\r\n\t\t\t}\r\n\t\t<\/style>\r\n\t\t<div class=\"vc_empty_space\"   style=\"height: 32px\"><span class=\"vc_empty_space_inner\"><\/span><\/div><\/div><\/div><\/div><\/div>\n<\/div>","protected":false},"excerpt":{"rendered":"''Glasba je vi\u0161je razodetje kot vsa modrost in filozofija.'' Ludvig van Beethoven Klasi\u010dni u\u010dni program je namenjen tistim, ki bi radi delali po programu klasi\u010dnih dr\u017eavnih glasbenih \u0161ol. Pouk poteka od datuma vpisa do konca \u0161olskega leta, ki se zaklju\u010di...","protected":false},"author":2,"featured_media":3032,"parent":0,"menu_order":0,"comment_status":"closed","ping_status":"closed","template":"","meta":{"footnotes":""},"yoast_head":"<!-- This site is optimized with the Yoast SEO plugin v23.2 - https:\/\/yoast.com\/wordpress\/plugins\/seo\/ -->\n<title>Klasi\u010dni u\u010dni program - Miha Ren\u010delj<\/title>\n<meta name=\"description\" content=\"Pou\u010devanje klavirja na daljavo po prograramu klasi\u010dnih glasbenih \u0161ol.\" \/>\n<meta name=\"robots\" content=\"index, follow, max-snippet:-1, max-image-preview:large, max-video-preview:-1\" \/>\n<link rel=\"canonical\" href=\"https:\/\/miharencelj.com\/en\/klasicni\/\" \/>\n<meta property=\"og:locale\" content=\"en_GB\" \/>\n<meta property=\"og:type\" content=\"article\" \/>\n<meta property=\"og:title\" content=\"Klasi\u010dni u\u010dni program - Miha Ren\u010delj\" \/>\n<meta property=\"og:description\" content=\"Pou\u010devanje klavirja na daljavo po prograramu klasi\u010dnih glasbenih \u0161ol.\" \/>\n<meta property=\"og:url\" content=\"https:\/\/miharencelj.com\/en\/klasicni\/\" \/>\n<meta property=\"og:site_name\" content=\"Miha Ren\u010delj\" \/>\n<meta property=\"article:modified_time\" content=\"2025-08-26T17:27:09+00:00\" \/>\n<meta property=\"og:image\" content=\"https:\/\/miharencelj.com\/wp-content\/uploads\/2020\/10\/bwScreenshot-2020-10-20-at-03.36.09.jpg\" \/>\n\t<meta property=\"og:image:width\" content=\"2560\" \/>\n\t<meta property=\"og:image:height\" content=\"1440\" \/>\n\t<meta property=\"og:image:type\" content=\"image\/jpeg\" \/>\n<meta name=\"twitter:card\" content=\"summary_large_image\" \/>\n<meta name=\"twitter:label1\" content=\"Estimated reading time\" \/>\n\t<meta name=\"twitter:data1\" content=\"2 minutes\" \/>\n<script type=\"application\/ld+json\" class=\"yoast-schema-graph\">{\"@context\":\"https:\/\/schema.org\",\"@graph\":[{\"@type\":\"WebPage\",\"@id\":\"https:\/\/miharencelj.com\/klasicni\/\",\"url\":\"https:\/\/miharencelj.com\/klasicni\/\",\"name\":\"Klasi\u010dni u\u010dni program - Miha Ren\u010delj\",\"isPartOf\":{\"@id\":\"https:\/\/miharencelj.com\/#website\"},\"primaryImageOfPage\":{\"@id\":\"https:\/\/miharencelj.com\/klasicni\/#primaryimage\"},\"image\":{\"@id\":\"https:\/\/miharencelj.com\/klasicni\/#primaryimage\"},\"thumbnailUrl\":\"https:\/\/miharencelj.com\/wp-content\/uploads\/2020\/10\/bwScreenshot-2020-10-20-at-03.36.09.jpg\",\"datePublished\":\"2020-10-19T19:05:52+00:00\",\"dateModified\":\"2025-08-26T17:27:09+00:00\",\"description\":\"Pou\u010devanje klavirja na daljavo po prograramu klasi\u010dnih glasbenih \u0161ol.\",\"breadcrumb\":{\"@id\":\"https:\/\/miharencelj.com\/klasicni\/#breadcrumb\"},\"inLanguage\":\"en-GB\",\"potentialAction\":[{\"@type\":\"ReadAction\",\"target\":[\"https:\/\/miharencelj.com\/klasicni\/\"]}]},{\"@type\":\"ImageObject\",\"inLanguage\":\"en-GB\",\"@id\":\"https:\/\/miharencelj.com\/klasicni\/#primaryimage\",\"url\":\"https:\/\/miharencelj.com\/wp-content\/uploads\/2020\/10\/bwScreenshot-2020-10-20-at-03.36.09.jpg\",\"contentUrl\":\"https:\/\/miharencelj.com\/wp-content\/uploads\/2020\/10\/bwScreenshot-2020-10-20-at-03.36.09.jpg\",\"width\":2560,\"height\":1440},{\"@type\":\"BreadcrumbList\",\"@id\":\"https:\/\/miharencelj.com\/klasicni\/#breadcrumb\",\"itemListElement\":[{\"@type\":\"ListItem\",\"position\":1,\"name\":\"Home\",\"item\":\"https:\/\/miharencelj.com\/\"},{\"@type\":\"ListItem\",\"position\":2,\"name\":\"Klasi\u010dni u\u010dni program\"}]},{\"@type\":\"WebSite\",\"@id\":\"https:\/\/miharencelj.com\/#website\",\"url\":\"https:\/\/miharencelj.com\/\",\"name\":\"Miha Ren\u010delj\",\"description\":\"Pianist | avtor | instrumentalist\",\"publisher\":{\"@id\":\"https:\/\/miharencelj.com\/#\/schema\/person\/0a81843d9ee1c4b95ffe8a564cb9b485\"},\"potentialAction\":[{\"@type\":\"SearchAction\",\"target\":{\"@type\":\"EntryPoint\",\"urlTemplate\":\"https:\/\/miharencelj.com\/?s={search_term_string}\"},\"query-input\":\"required name=search_term_string\"}],\"inLanguage\":\"en-GB\"},{\"@type\":[\"Person\",\"Organization\"],\"@id\":\"https:\/\/miharencelj.com\/#\/schema\/person\/0a81843d9ee1c4b95ffe8a564cb9b485\",\"name\":\"Miha Ren\u010delj\",\"image\":{\"@type\":\"ImageObject\",\"inLanguage\":\"en-GB\",\"@id\":\"https:\/\/miharencelj.com\/#\/schema\/person\/image\/\",\"url\":\"https:\/\/secure.gravatar.com\/avatar\/ad378a22ba61fdbc84ee043792c96909?s=96&d=mm&r=g\",\"contentUrl\":\"https:\/\/secure.gravatar.com\/avatar\/ad378a22ba61fdbc84ee043792c96909?s=96&d=mm&r=g\",\"caption\":\"Miha Ren\u010delj\"},\"logo\":{\"@id\":\"https:\/\/miharencelj.com\/#\/schema\/person\/image\/\"},\"sameAs\":[\"https:\/\/miharencelj.com\/\"]}]}<\/script>\n<!-- \/ Yoast SEO plugin. -->","yoast_head_json":{"title":"Klasi\u010dni u\u010dni program - Miha Ren\u010delj","description":"Pou\u010devanje klavirja na daljavo po prograramu klasi\u010dnih glasbenih \u0161ol.","robots":{"index":"index","follow":"follow","max-snippet":"max-snippet:-1","max-image-preview":"max-image-preview:large","max-video-preview":"max-video-preview:-1"},"canonical":"https:\/\/miharencelj.com\/en\/klasicni\/","og_locale":"en_GB","og_type":"article","og_title":"Klasi\u010dni u\u010dni program - Miha Ren\u010delj","og_description":"Pou\u010devanje klavirja na daljavo po prograramu klasi\u010dnih glasbenih \u0161ol.","og_url":"https:\/\/miharencelj.com\/en\/klasicni\/","og_site_name":"Miha Ren\u010delj","article_modified_time":"2025-08-26T17:27:09+00:00","og_image":[{"width":2560,"height":1440,"url":"https:\/\/miharencelj.com\/wp-content\/uploads\/2020\/10\/bwScreenshot-2020-10-20-at-03.36.09.jpg","type":"image\/jpeg"}],"twitter_card":"summary_large_image","twitter_misc":{"Estimated reading time":"2 minutes"},"schema":{"@context":"https:\/\/schema.org","@graph":[{"@type":"WebPage","@id":"https:\/\/miharencelj.com\/klasicni\/","url":"https:\/\/miharencelj.com\/klasicni\/","name":"Klasi\u010dni u\u010dni program - Miha Ren\u010delj","isPartOf":{"@id":"https:\/\/miharencelj.com\/#website"},"primaryImageOfPage":{"@id":"https:\/\/miharencelj.com\/klasicni\/#primaryimage"},"image":{"@id":"https:\/\/miharencelj.com\/klasicni\/#primaryimage"},"thumbnailUrl":"https:\/\/miharencelj.com\/wp-content\/uploads\/2020\/10\/bwScreenshot-2020-10-20-at-03.36.09.jpg","datePublished":"2020-10-19T19:05:52+00:00","dateModified":"2025-08-26T17:27:09+00:00","description":"Pou\u010devanje klavirja na daljavo po prograramu klasi\u010dnih glasbenih \u0161ol.","breadcrumb":{"@id":"https:\/\/miharencelj.com\/klasicni\/#breadcrumb"},"inLanguage":"en-GB","potentialAction":[{"@type":"ReadAction","target":["https:\/\/miharencelj.com\/klasicni\/"]}]},{"@type":"ImageObject","inLanguage":"en-GB","@id":"https:\/\/miharencelj.com\/klasicni\/#primaryimage","url":"https:\/\/miharencelj.com\/wp-content\/uploads\/2020\/10\/bwScreenshot-2020-10-20-at-03.36.09.jpg","contentUrl":"https:\/\/miharencelj.com\/wp-content\/uploads\/2020\/10\/bwScreenshot-2020-10-20-at-03.36.09.jpg","width":2560,"height":1440},{"@type":"BreadcrumbList","@id":"https:\/\/miharencelj.com\/klasicni\/#breadcrumb","itemListElement":[{"@type":"ListItem","position":1,"name":"Home","item":"https:\/\/miharencelj.com\/"},{"@type":"ListItem","position":2,"name":"Klasi\u010dni u\u010dni program"}]},{"@type":"WebSite","@id":"https:\/\/miharencelj.com\/#website","url":"https:\/\/miharencelj.com\/","name":"Miha Ren\u010delj","description":"Pianist | avtor | instrumentalist","publisher":{"@id":"https:\/\/miharencelj.com\/#\/schema\/person\/0a81843d9ee1c4b95ffe8a564cb9b485"},"potentialAction":[{"@type":"SearchAction","target":{"@type":"EntryPoint","urlTemplate":"https:\/\/miharencelj.com\/?s={search_term_string}"},"query-input":"required name=search_term_string"}],"inLanguage":"en-GB"},{"@type":["Person","Organization"],"@id":"https:\/\/miharencelj.com\/#\/schema\/person\/0a81843d9ee1c4b95ffe8a564cb9b485","name":"Miha Ren\u010delj","image":{"@type":"ImageObject","inLanguage":"en-GB","@id":"https:\/\/miharencelj.com\/#\/schema\/person\/image\/","url":"https:\/\/secure.gravatar.com\/avatar\/ad378a22ba61fdbc84ee043792c96909?s=96&d=mm&r=g","contentUrl":"https:\/\/secure.gravatar.com\/avatar\/ad378a22ba61fdbc84ee043792c96909?s=96&d=mm&r=g","caption":"Miha Ren\u010delj"},"logo":{"@id":"https:\/\/miharencelj.com\/#\/schema\/person\/image\/"},"sameAs":["https:\/\/miharencelj.com\/"]}]}},"_links":{"self":[{"href":"https:\/\/miharencelj.com\/en\/wp-json\/wp\/v2\/pages\/2977"}],"collection":[{"href":"https:\/\/miharencelj.com\/en\/wp-json\/wp\/v2\/pages"}],"about":[{"href":"https:\/\/miharencelj.com\/en\/wp-json\/wp\/v2\/types\/page"}],"author":[{"embeddable":true,"href":"https:\/\/miharencelj.com\/en\/wp-json\/wp\/v2\/users\/2"}],"replies":[{"embeddable":true,"href":"https:\/\/miharencelj.com\/en\/wp-json\/wp\/v2\/comments?post=2977"}],"version-history":[{"count":36,"href":"https:\/\/miharencelj.com\/en\/wp-json\/wp\/v2\/pages\/2977\/revisions"}],"predecessor-version":[{"id":5390,"href":"https:\/\/miharencelj.com\/en\/wp-json\/wp\/v2\/pages\/2977\/revisions\/5390"}],"wp:featuredmedia":[{"embeddable":true,"href":"https:\/\/miharencelj.com\/en\/wp-json\/wp\/v2\/media\/3032"}],"wp:attachment":[{"href":"https:\/\/miharencelj.com\/en\/wp-json\/wp\/v2\/media?parent=2977"}],"curies":[{"name":"wp","href":"https:\/\/api.w.org\/{rel}","templated":true}]}}