{"id":2974,"date":"2020-10-19T19:03:56","date_gmt":"2020-10-19T19:03:56","guid":{"rendered":"https:\/\/miharencelj.com\/?page_id=2974"},"modified":"2025-08-26T17:19:11","modified_gmt":"2025-08-26T17:19:11","slug":"raziskovalni","status":"publish","type":"page","link":"https:\/\/miharencelj.com\/en\/raziskovalni\/","title":{"rendered":"adventurous programme"},"content":{"rendered":"<div class=\"wpb-content-wrapper\"><div class=\"vc_row wpb_row vc_row-fluid\"><div class=\"wpb_column vc_column_container vc_col-sm-12\"><div class=\"vc_column-inner\"><div class=\"wpb_wrapper\">\n\t<div class=\"wpb_text_column wpb_content_element\" >\n\t\t<div class=\"wpb_wrapper\">\n\t\t\t<h6 style=\"text-align: center;\"><em>A person who never made a mistake never tried anything new.<\/em>.&#8221;<\/h6>\n<h6 style=\"text-align: center;\"><em>Albert Einstein<\/em><\/h6>\n<p>&nbsp;<\/p>\n<h3 style=\"text-align: center;\"><\/h3>\n\n\t\t<\/div>\n\t<\/div>\n\n\t<div class=\"wpb_text_column wpb_content_element\" >\n\t\t<div class=\"wpb_wrapper\">\n\t\t\t<h4 style=\"text-align: center;\"><span style=\"color: #000000;\">The adventurous is intended for children over the age of 10, and adults who would like to either start by starting to improve their current knowledge, but would not want to be educated according to the classic program of state music schools.<\/span><\/h4>\n<h3 style=\"text-align: center;\"><\/h3>\n\n\t\t<\/div>\n\t<\/div>\n<\/div><\/div><\/div><\/div><div class=\"vc_row wpb_row vc_row-fluid vc_custom_1607283183962 lc_swp_boxed force_boxed_width vc_row-has-fill vc_column-gap-35\"><div class=\"wpb_column vc_column_container vc_col-sm-4 vc_col-has-fill\"><div class=\"vc_column-inner vc_custom_1698770419686\"><div class=\"wpb_wrapper\">\r\n\r\n\t\t<div class=\"mega-price-table-5  wow bounce\" data-wow-duration=\"1's\" style=\"visibility: visible; animation-name: bounce;\">\r\n  <div class=\"pricing-table\">\r\n    <div class=\"plan featured\" style=\"background: #ffffff; border: 2px solid #81b4a5; transform: scale(1.00);\">\r\n      <div class=\"header\" style=\"background-color: #81b4a5\">\r\n        <h4 class=\"plan-title\" style=\"color: #ffffff; font-size: 15px;\">\r\n          30 min \/ week        <\/h4>\r\n        <div class=\"plan-cost\"><span class=\"plan-price\" style=\"color: #ffffff;font-size: px;\">\u20ac94<\/span><span class=\"plan-type\" style=\"color: #ffffff;font-size: px;\">\/ month<\/span><\/div>\r\n        <span class=\"price-title5-span\" style=\"border-color: #81b4a5 transparent transparent transparent;\"><\/span>\r\n      <\/div>\r\n      <div class=\"price-content\">\r\n        <ul>\n<li>120 min\/month<\/li>\n<li>discount packages<\/li>\n<\/ul>\n      <\/div>\r\n      <div class=\"plan-select\">\r\n        <a href=\"https:\/\/miharencelj.com\/en\/prijavni-obrazec-raziskovalni-30-min-na-teden\/\" target=\"_blank\" title=\"\" style=\"font-size: px; background: #81b4a5;\">Sign up<\/a>\r\n      <\/div>\r\n    <\/div>\r\n  <\/div>\r\n<\/div>\r\n\t\t<\/div><\/div><\/div><div class=\"wpb_column vc_column_container vc_col-sm-4\"><div class=\"vc_column-inner\"><div class=\"wpb_wrapper\">\r\n\r\n\t\t<div class=\"mega-price-table-5  wow bounce\" data-wow-duration=\"1's\" style=\"visibility: visible; animation-name: bounce;\">\r\n  <div class=\"pricing-table\">\r\n    <div class=\"plan featured\" style=\"background: #ffffff; border: 2px solid #dbc47f; transform: scale(1.00);\">\r\n      <div class=\"header\" style=\"background-color: #dbc47f\">\r\n        <h4 class=\"plan-title\" style=\"color: #ffffff; font-size: 15px;\">\r\n          45 min \/ week        <\/h4>\r\n        <div class=\"plan-cost\"><span class=\"plan-price\" style=\"color: #ffffff;font-size: px;\">\u20ac130<\/span><span class=\"plan-type\" style=\"color: #ffffff;font-size: px;\">\/ month<\/span><\/div>\r\n        <span class=\"price-title5-span\" style=\"border-color: #dbc47f transparent transparent transparent;\"><\/span>\r\n      <\/div>\r\n      <div class=\"price-content\">\r\n        <ul>\n<li>180 min\/month<\/li>\n<li>discount packages<\/li>\n<\/ul>\n      <\/div>\r\n      <div class=\"plan-select\">\r\n        <a href=\"https:\/\/miharencelj.com\/en\/prijavni-obrazec-raziskovalni-45-min-na-teden\/\" target=\"_blank\" title=\"\" style=\"font-size: px; background: #dbc47f;\">Sign up<\/a>\r\n      <\/div>\r\n    <\/div>\r\n  <\/div>\r\n<\/div>\r\n\t\t<\/div><\/div><\/div><div class=\"wpb_column vc_column_container vc_col-sm-4\"><div class=\"vc_column-inner\"><div class=\"wpb_wrapper\">\r\n\r\n\t\t<div class=\"mega-price-table-5  wow bounce\" data-wow-duration=\"1's\" style=\"visibility: visible; animation-name: bounce;\">\r\n  <div class=\"pricing-table\">\r\n    <div class=\"plan featured\" style=\"background: #ffffff; border: 2px solid #b18b77; transform: scale(1.00);\">\r\n      <div class=\"header\" style=\"background-color: #b18b77\">\r\n        <h4 class=\"plan-title\" style=\"color: #ffffff; font-size: 15px;\">\r\n          60 min \/ week        <\/h4>\r\n        <div class=\"plan-cost\"><span class=\"plan-price\" style=\"color: #ffffff;font-size: px;\">\u20ac164<\/span><span class=\"plan-type\" style=\"color: #ffffff;font-size: px;\">\/ month<\/span><\/div>\r\n        <span class=\"price-title5-span\" style=\"border-color: #b18b77 transparent transparent transparent;\"><\/span>\r\n      <\/div>\r\n      <div class=\"price-content\">\r\n        <ul>\n<li>240 min\/month<\/li>\n<li>discount packages<\/li>\n<\/ul>\n      <\/div>\r\n      <div class=\"plan-select\">\r\n        <a href=\"https:\/\/miharencelj.com\/en\/prijavni-obrazec-raziskovalni-60-min-na-teden\/\" target=\"_blank\" title=\"\" style=\"font-size: px; background: #b18b77;\">Sign up<\/a>\r\n      <\/div>\r\n    <\/div>\r\n  <\/div>\r\n<\/div>\r\n\t\t<\/div><\/div><\/div><\/div><div class=\"vc_row wpb_row vc_row-fluid\"><div class=\"wpb_column vc_column_container vc_col-sm-12\"><div class=\"vc_column-inner\"><div class=\"wpb_wrapper\"><div class=\"vc_empty_space\"   style=\"height: 50px\"><span class=\"vc_empty_space_inner\"><\/span><\/div>\n\t<div class=\"wpb_text_column wpb_content_element\" >\n\t\t<div class=\"wpb_wrapper\">\n\t\t\t\n\t\t<\/div>\n\t<\/div>\n<\/div><\/div><\/div><\/div><div class=\"vc_row wpb_row vc_row-fluid\"><div class=\"wpb_column vc_column_container vc_col-sm-6\"><div class=\"vc_column-inner\"><div class=\"wpb_wrapper\">\t\t<div class=\"cl-effect-7 creative_link_wrapper creative_link_488\" style=\"text-align: center;\">\r\n\t\t\t\r\n\t\t\t\r\n\t\t\t\r\n\t\t\t\r\n\t\t\t\t\t\t\t<a href=\"https:\/\/miharencelj.com\/en\/otroski\/\" target=\"\" title=\"\" data-hover=\"Umbrella\" style=\"color: ; font-size: 18px; text-transform: default;\">\r\n\t\t\t\t\t<span class=\"creativelink\" style=\"background: ;\"><\/span>\r\n\t\t\t\t\t\tchildren's program\t\t\t\t\t<span class=\"creativelink-\" style=\"background: ;\"><\/span>\r\n\t\t\t\t<\/a>\r\n\t\t\t\r\n\t\t\t\r\n\t\t\t\r\n\t\t\t\r\n\t\t\t\r\n\t\t\t\r\n\t\t\t\t\t<\/div>\r\n\r\n\t\t<style>\r\n\t\t\t.creative_link_488.cl-effect-13 a:hover::before, .creative_link_488.cl-effect-13 a:focus::before {\r\n\t\t\t\tcolor:  !important;\r\n\t\t    \ttext-shadow: 10px 0 , -10px 0  !important;\r\n\t\t\t}\t\r\n\t\t\t@media only screen and (max-width: 480px) {\r\n\t\t\t\t.creative_link_488 a {\r\n\t\t\t\t\tfont-size: px !important;\r\n\t\t\t\t}\r\n\t\t\t}\r\n\t\t<\/style>\r\n\t\t<\/div><\/div><\/div><div class=\"wpb_column vc_column_container vc_col-sm-6\"><div class=\"vc_column-inner\"><div class=\"wpb_wrapper\">\t\t<div class=\"cl-effect-7 creative_link_wrapper creative_link_200\" style=\"text-align: center;\">\r\n\t\t\t\r\n\t\t\t\r\n\t\t\t\r\n\t\t\t\r\n\t\t\t\t\t\t\t<a href=\"https:\/\/miharencelj.com\/en\/klasicni\/\" target=\"\" title=\"\" data-hover=\"Umbrella\" style=\"color: ; font-size: 18px; text-transform: default;\">\r\n\t\t\t\t\t<span class=\"creativelink\" style=\"background: ;\"><\/span>\r\n\t\t\t\t\t\tClassical programme\t\t\t\t\t<span class=\"creativelink-\" style=\"background: ;\"><\/span>\r\n\t\t\t\t<\/a>\r\n\t\t\t\r\n\t\t\t\r\n\t\t\t\r\n\t\t\t\r\n\t\t\t\r\n\t\t\t\r\n\t\t\t\t\t<\/div>\r\n\r\n\t\t<style>\r\n\t\t\t.creative_link_200.cl-effect-13 a:hover::before, .creative_link_200.cl-effect-13 a:focus::before {\r\n\t\t\t\tcolor:  !important;\r\n\t\t    \ttext-shadow: 10px 0 , -10px 0  !important;\r\n\t\t\t}\t\r\n\t\t\t@media only screen and (max-width: 480px) {\r\n\t\t\t\t.creative_link_200 a {\r\n\t\t\t\t\tfont-size: px !important;\r\n\t\t\t\t}\r\n\t\t\t}\r\n\t\t<\/style>\r\n\t\t<\/div><\/div><\/div><\/div><div class=\"vc_row wpb_row vc_row-fluid\"><div class=\"wpb_column vc_column_container vc_col-sm-12\"><div class=\"vc_column-inner\"><div class=\"wpb_wrapper\"><div class=\"vc_empty_space\"   style=\"height: 80px\"><span class=\"vc_empty_space_inner\"><\/span><\/div><\/div><\/div><\/div><\/div>\n<\/div>","protected":false},"excerpt":{"rendered":"''Kdor \u0161e nikoli ni naredil napake, ta nikoli ni poizkusil \u010desa novega.'' Albert Einstein &nbsp; Raziskovalni u\u010dni program je namenjen otrokom, starej\u0161im od 10 let, in odraslim, ki bi \u017eeleli bodisi za\u010deti od za\u010detka bodisi izbolj\u0161ati svoje trenutno znanje, ne...","protected":false},"author":2,"featured_media":2927,"parent":0,"menu_order":0,"comment_status":"closed","ping_status":"closed","template":"","meta":{"footnotes":""},"yoast_head":"<!-- This site is optimized with the Yoast SEO plugin v23.2 - https:\/\/yoast.com\/wordpress\/plugins\/seo\/ -->\n<title>Raziskovalni u\u010dni program - Miha Ren\u010delj<\/title>\n<meta name=\"description\" content=\"Pou\u010devanje klavirja na daljavo za otroke nad 10 let, mladostnike in odrasle.\" \/>\n<meta name=\"robots\" content=\"index, follow, max-snippet:-1, max-image-preview:large, max-video-preview:-1\" \/>\n<link rel=\"canonical\" href=\"https:\/\/miharencelj.com\/en\/raziskovalni\/\" \/>\n<meta property=\"og:locale\" content=\"en_GB\" \/>\n<meta property=\"og:type\" content=\"article\" \/>\n<meta property=\"og:title\" content=\"Raziskovalni u\u010dni program - Miha Ren\u010delj\" \/>\n<meta property=\"og:description\" content=\"Pou\u010devanje klavirja na daljavo za otroke nad 10 let, mladostnike in odrasle.\" \/>\n<meta property=\"og:url\" content=\"https:\/\/miharencelj.com\/en\/raziskovalni\/\" \/>\n<meta property=\"og:site_name\" content=\"Miha Ren\u010delj\" \/>\n<meta property=\"article:modified_time\" content=\"2025-08-26T17:19:11+00:00\" \/>\n<meta property=\"og:image\" content=\"https:\/\/miharencelj.com\/wp-content\/uploads\/2020\/10\/Screenshot-2020-10-18-at-23.48.15-1024x575.png\" \/>\n\t<meta property=\"og:image:width\" content=\"1024\" \/>\n\t<meta property=\"og:image:height\" content=\"575\" \/>\n\t<meta property=\"og:image:type\" content=\"image\/png\" \/>\n<meta name=\"twitter:card\" content=\"summary_large_image\" \/>\n<meta name=\"twitter:label1\" content=\"Estimated reading time\" \/>\n\t<meta name=\"twitter:data1\" content=\"2 minutes\" \/>\n<script type=\"application\/ld+json\" class=\"yoast-schema-graph\">{\"@context\":\"https:\/\/schema.org\",\"@graph\":[{\"@type\":\"WebPage\",\"@id\":\"https:\/\/miharencelj.com\/raziskovalni\/\",\"url\":\"https:\/\/miharencelj.com\/raziskovalni\/\",\"name\":\"Raziskovalni u\u010dni program - Miha Ren\u010delj\",\"isPartOf\":{\"@id\":\"https:\/\/miharencelj.com\/#website\"},\"primaryImageOfPage\":{\"@id\":\"https:\/\/miharencelj.com\/raziskovalni\/#primaryimage\"},\"image\":{\"@id\":\"https:\/\/miharencelj.com\/raziskovalni\/#primaryimage\"},\"thumbnailUrl\":\"https:\/\/miharencelj.com\/wp-content\/uploads\/2020\/10\/Screenshot-2020-10-18-at-23.48.15.png\",\"datePublished\":\"2020-10-19T19:03:56+00:00\",\"dateModified\":\"2025-08-26T17:19:11+00:00\",\"description\":\"Pou\u010devanje klavirja na daljavo za otroke nad 10 let, mladostnike in odrasle.\",\"breadcrumb\":{\"@id\":\"https:\/\/miharencelj.com\/raziskovalni\/#breadcrumb\"},\"inLanguage\":\"en-GB\",\"potentialAction\":[{\"@type\":\"ReadAction\",\"target\":[\"https:\/\/miharencelj.com\/raziskovalni\/\"]}]},{\"@type\":\"ImageObject\",\"inLanguage\":\"en-GB\",\"@id\":\"https:\/\/miharencelj.com\/raziskovalni\/#primaryimage\",\"url\":\"https:\/\/miharencelj.com\/wp-content\/uploads\/2020\/10\/Screenshot-2020-10-18-at-23.48.15.png\",\"contentUrl\":\"https:\/\/miharencelj.com\/wp-content\/uploads\/2020\/10\/Screenshot-2020-10-18-at-23.48.15.png\",\"width\":2560,\"height\":1438},{\"@type\":\"BreadcrumbList\",\"@id\":\"https:\/\/miharencelj.com\/raziskovalni\/#breadcrumb\",\"itemListElement\":[{\"@type\":\"ListItem\",\"position\":1,\"name\":\"Home\",\"item\":\"https:\/\/miharencelj.com\/\"},{\"@type\":\"ListItem\",\"position\":2,\"name\":\"Raziskovalni u\u010dni program\"}]},{\"@type\":\"WebSite\",\"@id\":\"https:\/\/miharencelj.com\/#website\",\"url\":\"https:\/\/miharencelj.com\/\",\"name\":\"Miha Ren\u010delj\",\"description\":\"Pianist | avtor | instrumentalist\",\"publisher\":{\"@id\":\"https:\/\/miharencelj.com\/#\/schema\/person\/0a81843d9ee1c4b95ffe8a564cb9b485\"},\"potentialAction\":[{\"@type\":\"SearchAction\",\"target\":{\"@type\":\"EntryPoint\",\"urlTemplate\":\"https:\/\/miharencelj.com\/?s={search_term_string}\"},\"query-input\":\"required name=search_term_string\"}],\"inLanguage\":\"en-GB\"},{\"@type\":[\"Person\",\"Organization\"],\"@id\":\"https:\/\/miharencelj.com\/#\/schema\/person\/0a81843d9ee1c4b95ffe8a564cb9b485\",\"name\":\"Miha Ren\u010delj\",\"image\":{\"@type\":\"ImageObject\",\"inLanguage\":\"en-GB\",\"@id\":\"https:\/\/miharencelj.com\/#\/schema\/person\/image\/\",\"url\":\"https:\/\/secure.gravatar.com\/avatar\/ad378a22ba61fdbc84ee043792c96909?s=96&d=mm&r=g\",\"contentUrl\":\"https:\/\/secure.gravatar.com\/avatar\/ad378a22ba61fdbc84ee043792c96909?s=96&d=mm&r=g\",\"caption\":\"Miha Ren\u010delj\"},\"logo\":{\"@id\":\"https:\/\/miharencelj.com\/#\/schema\/person\/image\/\"},\"sameAs\":[\"https:\/\/miharencelj.com\/\"]}]}<\/script>\n<!-- \/ Yoast SEO plugin. -->","yoast_head_json":{"title":"Raziskovalni u\u010dni program - Miha Ren\u010delj","description":"Pou\u010devanje klavirja na daljavo za otroke nad 10 let, mladostnike in odrasle.","robots":{"index":"index","follow":"follow","max-snippet":"max-snippet:-1","max-image-preview":"max-image-preview:large","max-video-preview":"max-video-preview:-1"},"canonical":"https:\/\/miharencelj.com\/en\/raziskovalni\/","og_locale":"en_GB","og_type":"article","og_title":"Raziskovalni u\u010dni program - Miha Ren\u010delj","og_description":"Pou\u010devanje klavirja na daljavo za otroke nad 10 let, mladostnike in odrasle.","og_url":"https:\/\/miharencelj.com\/en\/raziskovalni\/","og_site_name":"Miha Ren\u010delj","article_modified_time":"2025-08-26T17:19:11+00:00","og_image":[{"width":1024,"height":575,"url":"https:\/\/miharencelj.com\/wp-content\/uploads\/2020\/10\/Screenshot-2020-10-18-at-23.48.15-1024x575.png","type":"image\/png"}],"twitter_card":"summary_large_image","twitter_misc":{"Estimated reading time":"2 minutes"},"schema":{"@context":"https:\/\/schema.org","@graph":[{"@type":"WebPage","@id":"https:\/\/miharencelj.com\/raziskovalni\/","url":"https:\/\/miharencelj.com\/raziskovalni\/","name":"Raziskovalni u\u010dni program - Miha Ren\u010delj","isPartOf":{"@id":"https:\/\/miharencelj.com\/#website"},"primaryImageOfPage":{"@id":"https:\/\/miharencelj.com\/raziskovalni\/#primaryimage"},"image":{"@id":"https:\/\/miharencelj.com\/raziskovalni\/#primaryimage"},"thumbnailUrl":"https:\/\/miharencelj.com\/wp-content\/uploads\/2020\/10\/Screenshot-2020-10-18-at-23.48.15.png","datePublished":"2020-10-19T19:03:56+00:00","dateModified":"2025-08-26T17:19:11+00:00","description":"Pou\u010devanje klavirja na daljavo za otroke nad 10 let, mladostnike in odrasle.","breadcrumb":{"@id":"https:\/\/miharencelj.com\/raziskovalni\/#breadcrumb"},"inLanguage":"en-GB","potentialAction":[{"@type":"ReadAction","target":["https:\/\/miharencelj.com\/raziskovalni\/"]}]},{"@type":"ImageObject","inLanguage":"en-GB","@id":"https:\/\/miharencelj.com\/raziskovalni\/#primaryimage","url":"https:\/\/miharencelj.com\/wp-content\/uploads\/2020\/10\/Screenshot-2020-10-18-at-23.48.15.png","contentUrl":"https:\/\/miharencelj.com\/wp-content\/uploads\/2020\/10\/Screenshot-2020-10-18-at-23.48.15.png","width":2560,"height":1438},{"@type":"BreadcrumbList","@id":"https:\/\/miharencelj.com\/raziskovalni\/#breadcrumb","itemListElement":[{"@type":"ListItem","position":1,"name":"Home","item":"https:\/\/miharencelj.com\/"},{"@type":"ListItem","position":2,"name":"Raziskovalni u\u010dni program"}]},{"@type":"WebSite","@id":"https:\/\/miharencelj.com\/#website","url":"https:\/\/miharencelj.com\/","name":"Miha Ren\u010delj","description":"Pianist | avtor | instrumentalist","publisher":{"@id":"https:\/\/miharencelj.com\/#\/schema\/person\/0a81843d9ee1c4b95ffe8a564cb9b485"},"potentialAction":[{"@type":"SearchAction","target":{"@type":"EntryPoint","urlTemplate":"https:\/\/miharencelj.com\/?s={search_term_string}"},"query-input":"required name=search_term_string"}],"inLanguage":"en-GB"},{"@type":["Person","Organization"],"@id":"https:\/\/miharencelj.com\/#\/schema\/person\/0a81843d9ee1c4b95ffe8a564cb9b485","name":"Miha Ren\u010delj","image":{"@type":"ImageObject","inLanguage":"en-GB","@id":"https:\/\/miharencelj.com\/#\/schema\/person\/image\/","url":"https:\/\/secure.gravatar.com\/avatar\/ad378a22ba61fdbc84ee043792c96909?s=96&d=mm&r=g","contentUrl":"https:\/\/secure.gravatar.com\/avatar\/ad378a22ba61fdbc84ee043792c96909?s=96&d=mm&r=g","caption":"Miha Ren\u010delj"},"logo":{"@id":"https:\/\/miharencelj.com\/#\/schema\/person\/image\/"},"sameAs":["https:\/\/miharencelj.com\/"]}]}},"_links":{"self":[{"href":"https:\/\/miharencelj.com\/en\/wp-json\/wp\/v2\/pages\/2974"}],"collection":[{"href":"https:\/\/miharencelj.com\/en\/wp-json\/wp\/v2\/pages"}],"about":[{"href":"https:\/\/miharencelj.com\/en\/wp-json\/wp\/v2\/types\/page"}],"author":[{"embeddable":true,"href":"https:\/\/miharencelj.com\/en\/wp-json\/wp\/v2\/users\/2"}],"replies":[{"embeddable":true,"href":"https:\/\/miharencelj.com\/en\/wp-json\/wp\/v2\/comments?post=2974"}],"version-history":[{"count":66,"href":"https:\/\/miharencelj.com\/en\/wp-json\/wp\/v2\/pages\/2974\/revisions"}],"predecessor-version":[{"id":5387,"href":"https:\/\/miharencelj.com\/en\/wp-json\/wp\/v2\/pages\/2974\/revisions\/5387"}],"wp:featuredmedia":[{"embeddable":true,"href":"https:\/\/miharencelj.com\/en\/wp-json\/wp\/v2\/media\/2927"}],"wp:attachment":[{"href":"https:\/\/miharencelj.com\/en\/wp-json\/wp\/v2\/media?parent=2974"}],"curies":[{"name":"wp","href":"https:\/\/api.w.org\/{rel}","templated":true}]}}