{"id":2405,"date":"2020-10-07T14:10:27","date_gmt":"2020-10-07T14:10:27","guid":{"rendered":"https:\/\/miharencelj.com\/?page_id=2405"},"modified":"2025-08-26T17:23:30","modified_gmt":"2025-08-26T17:23:30","slug":"otroski","status":"publish","type":"page","link":"https:\/\/miharencelj.com\/en\/otroski\/","title":{"rendered":"children's program"},"content":{"rendered":"<div class=\"wpb-content-wrapper\"><div class=\"vc_row wpb_row vc_row-fluid\"><div class=\"wpb_column vc_column_container vc_col-sm-12\"><div class=\"vc_column-inner\"><div class=\"wpb_wrapper\"><\/div><\/div><\/div><\/div><div class=\"vc_row wpb_row vc_row-fluid\"><div class=\"wpb_column vc_column_container vc_col-sm-12\"><div class=\"vc_column-inner\"><div class=\"wpb_wrapper\">\n\t<div class=\"wpb_text_column wpb_content_element\" >\n\t\t<div class=\"wpb_wrapper\">\n\t\t\t<h6 style=\"text-align: center;\"><em>The fact that children can make beautiful music is less significant than the fact that music can make beautiful children.\u201d <\/em><em>da glasba lahko ustvarja \u010dudovite otroke.&#8221;\u00a0 <\/em><em>\u00a0<\/em><em>Cheryl Lavender<\/em><\/h6>\n<p>&nbsp;<\/p>\n<h4 style=\"text-align: center;\">The children's programme is intended for the youngest, children up to 10 years of age.<\/h4>\n\n\t\t<\/div>\n\t<\/div>\n\n\t<div class=\"wpb_text_column wpb_content_element\" >\n\t\t<div class=\"wpb_wrapper\">\n\t\t\t<h5><\/h5>\n<h5><\/h5>\n<h5 style=\"text-align: center;\">There are three options, which differ in the amount of weekly time spent with the mentor.<\/h5>\n\n\t\t<\/div>\n\t<\/div>\n<div class=\"vc_empty_space\"   style=\"height: 80px\"><span class=\"vc_empty_space_inner\"><\/span><\/div><\/div><\/div><\/div><\/div><div class=\"vc_row wpb_row vc_row-fluid lc_swp_boxed force_boxed_width vc_column-gap-35\"><div class=\"wpb_column vc_column_container vc_col-sm-4\"><div class=\"vc_column-inner\"><div class=\"wpb_wrapper\">\r\n\r\n\t\t<div class=\"mega-price-table-5  wow bounce\" data-wow-duration=\"1's\" style=\"visibility: visible; animation-name: bounce;\">\r\n  <div class=\"pricing-table\">\r\n    <div class=\"plan featured\" style=\"background: #ffffff; border: 2px solid #81b4a5; transform: scale(1.00);\">\r\n      <div class=\"header\" style=\"background-color: #81b4a5\">\r\n        <h4 class=\"plan-title\" style=\"color: #ffffff; font-size: 15px;\">\r\n          1 x 30 min\/week        <\/h4>\r\n        <div class=\"plan-cost\"><span class=\"plan-price\" style=\"color: #ffffff;font-size: px;\">\u20ac94<\/span><span class=\"plan-type\" style=\"color: #ffffff;font-size: px;\">\/ month<\/span><\/div>\r\n        <span class=\"price-title5-span\" style=\"border-color: #81b4a5 transparent transparent transparent;\"><\/span>\r\n      <\/div>\r\n      <div class=\"price-content\">\r\n        <ul>\n<li>120 min\/month<\/li>\n<\/ul>\n      <\/div>\r\n      <div class=\"plan-select\">\r\n        <a href=\"https:\/\/miharencelj.com\/en\/prijavni-obrazec-otroski-30-min-na-teden\/\" target=\"_blank\" title=\"\" style=\"font-size: px; background: #81b4a5;\">Sign up<\/a>\r\n      <\/div>\r\n    <\/div>\r\n  <\/div>\r\n<\/div>\r\n\t\t<\/div><\/div><\/div><div class=\"wpb_column vc_column_container vc_col-sm-4\"><div class=\"vc_column-inner\"><div class=\"wpb_wrapper\">\r\n\r\n\t\t<div class=\"mega-price-table-5  wow bounce\" data-wow-duration=\"1's\" style=\"visibility: visible; animation-name: bounce;\">\r\n  <div class=\"pricing-table\">\r\n    <div class=\"plan featured\" style=\"background: #ffffff; border: 2px solid #dbc47f; transform: scale(1.00);\">\r\n      <div class=\"header\" style=\"background-color: #dbc47f\">\r\n        <h4 class=\"plan-title\" style=\"color: #ffffff; font-size: 15px;\">\r\n          1 x 45 min\/week        <\/h4>\r\n        <div class=\"plan-cost\"><span class=\"plan-price\" style=\"color: #ffffff;font-size: px;\">\u20ac130<\/span><span class=\"plan-type\" style=\"color: #ffffff;font-size: px;\">\/ month<\/span><\/div>\r\n        <span class=\"price-title5-span\" style=\"border-color: #dbc47f transparent transparent transparent;\"><\/span>\r\n      <\/div>\r\n      <div class=\"price-content\">\r\n        <ul>\n<li>180 min\/month<\/li>\n<\/ul>\n      <\/div>\r\n      <div class=\"plan-select\">\r\n        <a href=\"https:\/\/miharencelj.com\/en\/vpisni-obrazec-otroski-45-min-na-teden\/\" target=\"_blank\" title=\"\" style=\"font-size: px; background: #dbc47f;\">Sign up<\/a>\r\n      <\/div>\r\n    <\/div>\r\n  <\/div>\r\n<\/div>\r\n\t\t<div class=\"vc_empty_space\"   style=\"height: 32px\"><span class=\"vc_empty_space_inner\"><\/span><\/div><div class=\"vc_empty_space\"   style=\"height: 32px\"><span class=\"vc_empty_space_inner\"><\/span><\/div><\/div><\/div><\/div><div class=\"wpb_column vc_column_container vc_col-sm-4\"><div class=\"vc_column-inner\"><div class=\"wpb_wrapper\">\r\n\r\n\t\t<div class=\"mega-price-table-5  wow bounce\" data-wow-duration=\"1's\" style=\"visibility: visible; animation-name: bounce;\">\r\n  <div class=\"pricing-table\">\r\n    <div class=\"plan featured\" style=\"background: #ffffff; border: 2px solid #b18b77; transform: scale(1.00);\">\r\n      <div class=\"header\" style=\"background-color: #b18b77\">\r\n        <h4 class=\"plan-title\" style=\"color: #ffffff; font-size: 15px;\">\r\n          2 x 30 min\/week        <\/h4>\r\n        <div class=\"plan-cost\"><span class=\"plan-price\" style=\"color: #ffffff;font-size: px;\">\u20ac170<\/span><span class=\"plan-type\" style=\"color: #ffffff;font-size: px;\">\/ month<\/span><\/div>\r\n        <span class=\"price-title5-span\" style=\"border-color: #b18b77 transparent transparent transparent;\"><\/span>\r\n      <\/div>\r\n      <div class=\"price-content\">\r\n        <ul>\n<li>240 min\/month<\/li>\n<\/ul>\n      <\/div>\r\n      <div class=\"plan-select\">\r\n        <a href=\"https:\/\/miharencelj.com\/en\/vpisni-obrazec-otroski-2-x-30-min-na-teden\/\" target=\"_blank\" title=\"\" style=\"font-size: px; background: #b18b77;\">Sign up<\/a>\r\n      <\/div>\r\n    <\/div>\r\n  <\/div>\r\n<\/div>\r\n\t\t<\/div><\/div><\/div><\/div><div class=\"vc_row wpb_row vc_row-fluid\"><div class=\"wpb_column vc_column_container vc_col-sm-12\"><div class=\"vc_column-inner\"><div class=\"wpb_wrapper\"><div class=\"vc_empty_space\"   style=\"height: 80px\"><span class=\"vc_empty_space_inner\"><\/span><\/div>\n\t<div class=\"wpb_text_column wpb_content_element\" >\n\t\t<div class=\"wpb_wrapper\">\n\t\t\t<h6><\/h6>\n<h6><\/h6>\n<h6><\/h6>\n<h6><\/h6>\n<h6><\/h6>\n<h6><\/h6>\n<h3 style=\"text-align: center;\">Recommended textbooks<\/h3>\n<h6 style=\"text-align: center;\"><p data-no-translation><\/h6>\n\n\t\t<\/div>\n\t<\/div>\n<\/div><\/div><\/div><\/div><div class=\"vc_row wpb_row vc_row-fluid\"><div class=\"wpb_column vc_column_container vc_col-sm-12\"><div class=\"vc_column-inner\"><div class=\"wpb_wrapper\">\n\t<div class=\"wpb_text_column wpb_content_element\" >\n\t\t<div class=\"wpb_wrapper\">\n\t\t\t<h6 style=\"text-align: center;\">Piano adventures (Nancy and Randall Faber)<\/h6>\n\n\t\t<\/div>\n\t<\/div>\n<\/div><\/div><\/div><\/div><div class=\"vc_row wpb_row vc_row-fluid\"><div class=\"wpb_column vc_column_container vc_col-sm-3\"><div class=\"vc_column-inner\"><div class=\"wpb_wrapper\">\n\t<div  class=\"wpb_single_image wpb_content_element vc_align_center wpb_content_element\">\n\t\t\n\t\t<figure class=\"wpb_wrapper vc_figure\">\n\t\t\t<a href=\"https:\/\/www.hartman.si\/faberpiano-adventures-lesson-book-primer\" target=\"_blank\" class=\"vc_single_image-wrapper vc_box_rounded  vc_box_border_grey\"><img loading=\"lazy\" decoding=\"async\" width=\"300\" height=\"219\" src=\"https:\/\/miharencelj.com\/wp-content\/uploads\/2020\/10\/0058771_faberpiano-adventures-lesson-book-primer_550-300x219.jpeg\" class=\"vc_single_image-img attachment-medium\" alt=\"\" title=\"0058771_faberpiano-adventures-lesson-book-primer_550\" srcset=\"https:\/\/miharencelj.com\/wp-content\/uploads\/2020\/10\/0058771_faberpiano-adventures-lesson-book-primer_550-300x219.jpeg 300w, https:\/\/miharencelj.com\/wp-content\/uploads\/2020\/10\/0058771_faberpiano-adventures-lesson-book-primer_550.jpeg 550w\" sizes=\"(max-width: 300px) 100vw, 300px\" \/><\/a>\n\t\t<\/figure>\n\t<\/div>\n<\/div><\/div><\/div><div class=\"wpb_column vc_column_container vc_col-sm-3\"><div class=\"vc_column-inner\"><div class=\"wpb_wrapper\">\n\t<div  class=\"wpb_single_image wpb_content_element vc_align_center wpb_content_element\">\n\t\t\n\t\t<figure class=\"wpb_wrapper vc_figure\">\n\t\t\t<a href=\"https:\/\/www.hartman.si\/piano-adventures-lesson-1\" target=\"_self\" class=\"vc_single_image-wrapper vc_box_rounded  vc_box_border_grey\"><img loading=\"lazy\" decoding=\"async\" width=\"768\" height=\"1024\" src=\"https:\/\/miharencelj.com\/wp-content\/uploads\/2020\/10\/piano-adventures-1-768x1024.jpg\" class=\"vc_single_image-img attachment-large\" alt=\"\" title=\"piano adventures 1\" srcset=\"https:\/\/miharencelj.com\/wp-content\/uploads\/2020\/10\/piano-adventures-1-768x1024.jpg 768w, https:\/\/miharencelj.com\/wp-content\/uploads\/2020\/10\/piano-adventures-1-225x300.jpg 225w, https:\/\/miharencelj.com\/wp-content\/uploads\/2020\/10\/piano-adventures-1.jpg 864w\" sizes=\"(max-width: 768px) 100vw, 768px\" \/><\/a>\n\t\t<\/figure>\n\t<\/div>\n<\/div><\/div><\/div><div class=\"wpb_column vc_column_container vc_col-sm-3\"><div class=\"vc_column-inner\"><div class=\"wpb_wrapper\">\n\t<div  class=\"wpb_single_image wpb_content_element vc_align_center wpb_content_element\">\n\t\t\n\t\t<figure class=\"wpb_wrapper vc_figure\">\n\t\t\t<a href=\"https:\/\/www.hartman.si\/piano-adventures-lesson-level-2a\" target=\"_self\" class=\"vc_single_image-wrapper vc_box_rounded  vc_box_border_grey\"><img loading=\"lazy\" decoding=\"async\" width=\"768\" height=\"1024\" src=\"https:\/\/miharencelj.com\/wp-content\/uploads\/2020\/10\/PA-2A-768x1024.jpg\" class=\"vc_single_image-img attachment-large\" alt=\"\" title=\"PA 2A\" srcset=\"https:\/\/miharencelj.com\/wp-content\/uploads\/2020\/10\/PA-2A-768x1024.jpg 768w, https:\/\/miharencelj.com\/wp-content\/uploads\/2020\/10\/PA-2A-225x300.jpg 225w, https:\/\/miharencelj.com\/wp-content\/uploads\/2020\/10\/PA-2A.jpg 864w\" sizes=\"(max-width: 768px) 100vw, 768px\" \/><\/a>\n\t\t<\/figure>\n\t<\/div>\n<\/div><\/div><\/div><div class=\"wpb_column vc_column_container vc_col-sm-3\"><div class=\"vc_column-inner\"><div class=\"wpb_wrapper\">\n\t<div  class=\"wpb_single_image wpb_content_element vc_align_center wpb_content_element\">\n\t\t\n\t\t<figure class=\"wpb_wrapper vc_figure\">\n\t\t\t<a href=\"https:\/\/www.hartman.si\/piano-adventures-lesson-book-2b\" target=\"_self\" class=\"vc_single_image-wrapper vc_box_rounded  vc_box_border_grey\"><img loading=\"lazy\" decoding=\"async\" width=\"768\" height=\"1024\" src=\"https:\/\/miharencelj.com\/wp-content\/uploads\/2020\/10\/FF1084cover-768x1024.jpg\" class=\"vc_single_image-img attachment-large\" alt=\"\" title=\"FF1084cover\" srcset=\"https:\/\/miharencelj.com\/wp-content\/uploads\/2020\/10\/FF1084cover-768x1024.jpg 768w, https:\/\/miharencelj.com\/wp-content\/uploads\/2020\/10\/FF1084cover-225x300.jpg 225w, https:\/\/miharencelj.com\/wp-content\/uploads\/2020\/10\/FF1084cover.jpg 864w\" sizes=\"(max-width: 768px) 100vw, 768px\" \/><\/a>\n\t\t<\/figure>\n\t<\/div>\n<\/div><\/div><\/div><\/div><div class=\"vc_row wpb_row vc_row-fluid\"><div class=\"wpb_column vc_column_container vc_col-sm-6\"><div class=\"vc_column-inner\"><div class=\"wpb_wrapper\"><div class=\"vc_empty_space\"   style=\"height: 32px\"><span class=\"vc_empty_space_inner\"><\/span><\/div>\t\t<div class=\"cl-effect-7 creative_link_wrapper creative_link_235\" style=\"text-align: center;\">\r\n\t\t\t\r\n\t\t\t\r\n\t\t\t\r\n\t\t\t\r\n\t\t\t\t\t\t\t<a href=\"https:\/\/miharencelj.com\/en\/raziskovalni\/\" target=\"\" title=\"\" data-hover=\"Umbrella\" style=\"color: ; font-size: 18px; text-transform: default;\">\r\n\t\t\t\t\t<span class=\"creativelink\" style=\"background: ;\"><\/span>\r\n\t\t\t\t\t\tadventurous programme\t\t\t\t\t<span class=\"creativelink-\" style=\"background: ;\"><\/span>\r\n\t\t\t\t<\/a>\r\n\t\t\t\r\n\t\t\t\r\n\t\t\t\r\n\t\t\t\r\n\t\t\t\r\n\t\t\t\r\n\t\t\t\t\t<\/div>\r\n\r\n\t\t<style>\r\n\t\t\t.creative_link_235.cl-effect-13 a:hover::before, .creative_link_235.cl-effect-13 a:focus::before {\r\n\t\t\t\tcolor:  !important;\r\n\t\t    \ttext-shadow: 10px 0 , -10px 0  !important;\r\n\t\t\t}\t\r\n\t\t\t@media only screen and (max-width: 480px) {\r\n\t\t\t\t.creative_link_235 a {\r\n\t\t\t\t\tfont-size: px !important;\r\n\t\t\t\t}\r\n\t\t\t}\r\n\t\t<\/style>\r\n\t\t<\/div><\/div><\/div><div class=\"wpb_column vc_column_container vc_col-sm-6\"><div class=\"vc_column-inner\"><div class=\"wpb_wrapper\"><div class=\"vc_empty_space\"   style=\"height: 32px\"><span class=\"vc_empty_space_inner\"><\/span><\/div>\t\t<div class=\"cl-effect-7 creative_link_wrapper creative_link_9\" style=\"text-align: center;\">\r\n\t\t\t\r\n\t\t\t\r\n\t\t\t\r\n\t\t\t\r\n\t\t\t\t\t\t\t<a href=\"https:\/\/miharencelj.com\/en\/klasicni\/\" target=\"\" title=\"\" data-hover=\"Umbrella\" style=\"color: ; font-size: 18px; text-transform: default;\">\r\n\t\t\t\t\t<span class=\"creativelink\" style=\"background: ;\"><\/span>\r\n\t\t\t\t\t\tClassical programme\t\t\t\t\t<span class=\"creativelink-\" style=\"background: ;\"><\/span>\r\n\t\t\t\t<\/a>\r\n\t\t\t\r\n\t\t\t\r\n\t\t\t\r\n\t\t\t\r\n\t\t\t\r\n\t\t\t\r\n\t\t\t\t\t<\/div>\r\n\r\n\t\t<style>\r\n\t\t\t.creative_link_9.cl-effect-13 a:hover::before, .creative_link_9.cl-effect-13 a:focus::before {\r\n\t\t\t\tcolor:  !important;\r\n\t\t    \ttext-shadow: 10px 0 , -10px 0  !important;\r\n\t\t\t}\t\r\n\t\t\t@media only screen and (max-width: 480px) {\r\n\t\t\t\t.creative_link_9 a {\r\n\t\t\t\t\tfont-size: px !important;\r\n\t\t\t\t}\r\n\t\t\t}\r\n\t\t<\/style>\r\n\t\t<\/div><\/div><\/div><\/div><div class=\"vc_row wpb_row vc_row-fluid\"><div class=\"wpb_column vc_column_container vc_col-sm-12\"><div class=\"vc_column-inner\"><div class=\"wpb_wrapper\"><div class=\"vc_empty_space\"   style=\"height: 80px\"><span class=\"vc_empty_space_inner\"><\/span><\/div><\/div><\/div><\/div><\/div><div class=\"vc_row wpb_row vc_row-fluid\"><div class=\"wpb_column vc_column_container vc_col-sm-12\"><div class=\"vc_column-inner\"><div class=\"wpb_wrapper\"><\/div><\/div><\/div><\/div>\n<\/div>","protected":false},"excerpt":{"rendered":"''Dejstvo, da otroci lahko ustvarjajo \u010dudovito glasbo, je manj pomembno kot dejstvo, da glasba lahko ustvarja \u010dudovite otroke.''\u00a0 \u00a0Cheryl Lavender &nbsp; Otro\u0161ki u\u010dni program je namenjen najmlaj\u0161im, otrokom do 10 let. Na voljo so tri mo\u017enosti, ki se razlikujejo po...","protected":false},"author":2,"featured_media":4302,"parent":0,"menu_order":0,"comment_status":"closed","ping_status":"closed","template":"","meta":{"footnotes":""},"yoast_head":"<!-- This site is optimized with the Yoast SEO plugin v23.2 - https:\/\/yoast.com\/wordpress\/plugins\/seo\/ -->\n<title>Otro\u0161ki u\u010dni program - Miha Ren\u010delj<\/title>\n<meta name=\"description\" content=\"Pou\u010devanje klavirja na daljavo za najmlaj\u0161e, do 10 let.\" \/>\n<meta name=\"robots\" content=\"index, follow, max-snippet:-1, max-image-preview:large, max-video-preview:-1\" \/>\n<link rel=\"canonical\" href=\"https:\/\/miharencelj.com\/en\/otroski\/\" \/>\n<meta property=\"og:locale\" content=\"en_GB\" \/>\n<meta property=\"og:type\" content=\"article\" \/>\n<meta property=\"og:title\" content=\"Otro\u0161ki u\u010dni program - Miha Ren\u010delj\" \/>\n<meta property=\"og:description\" content=\"Pou\u010devanje klavirja na daljavo za najmlaj\u0161e, do 10 let.\" \/>\n<meta property=\"og:url\" content=\"https:\/\/miharencelj.com\/en\/otroski\/\" \/>\n<meta property=\"og:site_name\" content=\"Miha Ren\u010delj\" \/>\n<meta property=\"article:modified_time\" content=\"2025-08-26T17:23:30+00:00\" \/>\n<meta property=\"og:image\" content=\"https:\/\/miharencelj.com\/wp-content\/uploads\/2020\/12\/Miha-dvorana-tabor-2012.jpg\" \/>\n\t<meta property=\"og:image:width\" content=\"823\" \/>\n\t<meta property=\"og:image:height\" content=\"567\" \/>\n\t<meta property=\"og:image:type\" content=\"image\/jpeg\" \/>\n<meta name=\"twitter:card\" content=\"summary_large_image\" \/>\n<meta name=\"twitter:label1\" content=\"Estimated reading time\" \/>\n\t<meta name=\"twitter:data1\" content=\"4 minutes\" \/>\n<script type=\"application\/ld+json\" class=\"yoast-schema-graph\">{\"@context\":\"https:\/\/schema.org\",\"@graph\":[{\"@type\":\"WebPage\",\"@id\":\"https:\/\/miharencelj.com\/otroski\/\",\"url\":\"https:\/\/miharencelj.com\/otroski\/\",\"name\":\"Otro\u0161ki u\u010dni program - Miha Ren\u010delj\",\"isPartOf\":{\"@id\":\"https:\/\/miharencelj.com\/#website\"},\"primaryImageOfPage\":{\"@id\":\"https:\/\/miharencelj.com\/otroski\/#primaryimage\"},\"image\":{\"@id\":\"https:\/\/miharencelj.com\/otroski\/#primaryimage\"},\"thumbnailUrl\":\"https:\/\/miharencelj.com\/wp-content\/uploads\/2020\/12\/Miha-dvorana-tabor-2012.jpg\",\"datePublished\":\"2020-10-07T14:10:27+00:00\",\"dateModified\":\"2025-08-26T17:23:30+00:00\",\"description\":\"Pou\u010devanje klavirja na daljavo za najmlaj\u0161e, do 10 let.\",\"breadcrumb\":{\"@id\":\"https:\/\/miharencelj.com\/otroski\/#breadcrumb\"},\"inLanguage\":\"en-GB\",\"potentialAction\":[{\"@type\":\"ReadAction\",\"target\":[\"https:\/\/miharencelj.com\/otroski\/\"]}]},{\"@type\":\"ImageObject\",\"inLanguage\":\"en-GB\",\"@id\":\"https:\/\/miharencelj.com\/otroski\/#primaryimage\",\"url\":\"https:\/\/miharencelj.com\/wp-content\/uploads\/2020\/12\/Miha-dvorana-tabor-2012.jpg\",\"contentUrl\":\"https:\/\/miharencelj.com\/wp-content\/uploads\/2020\/12\/Miha-dvorana-tabor-2012.jpg\",\"width\":823,\"height\":567,\"caption\":\"Miha, dvorana tabor 2012. Avtor fotografije: Zoran Mosi\u0107\"},{\"@type\":\"BreadcrumbList\",\"@id\":\"https:\/\/miharencelj.com\/otroski\/#breadcrumb\",\"itemListElement\":[{\"@type\":\"ListItem\",\"position\":1,\"name\":\"Home\",\"item\":\"https:\/\/miharencelj.com\/\"},{\"@type\":\"ListItem\",\"position\":2,\"name\":\"Otro\u0161ki u\u010dni program\"}]},{\"@type\":\"WebSite\",\"@id\":\"https:\/\/miharencelj.com\/#website\",\"url\":\"https:\/\/miharencelj.com\/\",\"name\":\"Miha Ren\u010delj\",\"description\":\"Pianist | avtor | instrumentalist\",\"publisher\":{\"@id\":\"https:\/\/miharencelj.com\/#\/schema\/person\/0a81843d9ee1c4b95ffe8a564cb9b485\"},\"potentialAction\":[{\"@type\":\"SearchAction\",\"target\":{\"@type\":\"EntryPoint\",\"urlTemplate\":\"https:\/\/miharencelj.com\/?s={search_term_string}\"},\"query-input\":\"required name=search_term_string\"}],\"inLanguage\":\"en-GB\"},{\"@type\":[\"Person\",\"Organization\"],\"@id\":\"https:\/\/miharencelj.com\/#\/schema\/person\/0a81843d9ee1c4b95ffe8a564cb9b485\",\"name\":\"Miha Ren\u010delj\",\"image\":{\"@type\":\"ImageObject\",\"inLanguage\":\"en-GB\",\"@id\":\"https:\/\/miharencelj.com\/#\/schema\/person\/image\/\",\"url\":\"https:\/\/secure.gravatar.com\/avatar\/ad378a22ba61fdbc84ee043792c96909?s=96&d=mm&r=g\",\"contentUrl\":\"https:\/\/secure.gravatar.com\/avatar\/ad378a22ba61fdbc84ee043792c96909?s=96&d=mm&r=g\",\"caption\":\"Miha Ren\u010delj\"},\"logo\":{\"@id\":\"https:\/\/miharencelj.com\/#\/schema\/person\/image\/\"},\"sameAs\":[\"https:\/\/miharencelj.com\/\"]}]}<\/script>\n<!-- \/ Yoast SEO plugin. -->","yoast_head_json":{"title":"Otro\u0161ki u\u010dni program - Miha Ren\u010delj","description":"Pou\u010devanje klavirja na daljavo za najmlaj\u0161e, do 10 let.","robots":{"index":"index","follow":"follow","max-snippet":"max-snippet:-1","max-image-preview":"max-image-preview:large","max-video-preview":"max-video-preview:-1"},"canonical":"https:\/\/miharencelj.com\/en\/otroski\/","og_locale":"en_GB","og_type":"article","og_title":"Otro\u0161ki u\u010dni program - Miha Ren\u010delj","og_description":"Pou\u010devanje klavirja na daljavo za najmlaj\u0161e, do 10 let.","og_url":"https:\/\/miharencelj.com\/en\/otroski\/","og_site_name":"Miha Ren\u010delj","article_modified_time":"2025-08-26T17:23:30+00:00","og_image":[{"width":823,"height":567,"url":"https:\/\/miharencelj.com\/wp-content\/uploads\/2020\/12\/Miha-dvorana-tabor-2012.jpg","type":"image\/jpeg"}],"twitter_card":"summary_large_image","twitter_misc":{"Estimated reading time":"4 minutes"},"schema":{"@context":"https:\/\/schema.org","@graph":[{"@type":"WebPage","@id":"https:\/\/miharencelj.com\/otroski\/","url":"https:\/\/miharencelj.com\/otroski\/","name":"Otro\u0161ki u\u010dni program - Miha Ren\u010delj","isPartOf":{"@id":"https:\/\/miharencelj.com\/#website"},"primaryImageOfPage":{"@id":"https:\/\/miharencelj.com\/otroski\/#primaryimage"},"image":{"@id":"https:\/\/miharencelj.com\/otroski\/#primaryimage"},"thumbnailUrl":"https:\/\/miharencelj.com\/wp-content\/uploads\/2020\/12\/Miha-dvorana-tabor-2012.jpg","datePublished":"2020-10-07T14:10:27+00:00","dateModified":"2025-08-26T17:23:30+00:00","description":"Pou\u010devanje klavirja na daljavo za najmlaj\u0161e, do 10 let.","breadcrumb":{"@id":"https:\/\/miharencelj.com\/otroski\/#breadcrumb"},"inLanguage":"en-GB","potentialAction":[{"@type":"ReadAction","target":["https:\/\/miharencelj.com\/otroski\/"]}]},{"@type":"ImageObject","inLanguage":"en-GB","@id":"https:\/\/miharencelj.com\/otroski\/#primaryimage","url":"https:\/\/miharencelj.com\/wp-content\/uploads\/2020\/12\/Miha-dvorana-tabor-2012.jpg","contentUrl":"https:\/\/miharencelj.com\/wp-content\/uploads\/2020\/12\/Miha-dvorana-tabor-2012.jpg","width":823,"height":567,"caption":"Miha, dvorana tabor 2012. Avtor fotografije: Zoran Mosi\u0107"},{"@type":"BreadcrumbList","@id":"https:\/\/miharencelj.com\/otroski\/#breadcrumb","itemListElement":[{"@type":"ListItem","position":1,"name":"Home","item":"https:\/\/miharencelj.com\/"},{"@type":"ListItem","position":2,"name":"Otro\u0161ki u\u010dni program"}]},{"@type":"WebSite","@id":"https:\/\/miharencelj.com\/#website","url":"https:\/\/miharencelj.com\/","name":"Miha Ren\u010delj","description":"Pianist | avtor | instrumentalist","publisher":{"@id":"https:\/\/miharencelj.com\/#\/schema\/person\/0a81843d9ee1c4b95ffe8a564cb9b485"},"potentialAction":[{"@type":"SearchAction","target":{"@type":"EntryPoint","urlTemplate":"https:\/\/miharencelj.com\/?s={search_term_string}"},"query-input":"required name=search_term_string"}],"inLanguage":"en-GB"},{"@type":["Person","Organization"],"@id":"https:\/\/miharencelj.com\/#\/schema\/person\/0a81843d9ee1c4b95ffe8a564cb9b485","name":"Miha Ren\u010delj","image":{"@type":"ImageObject","inLanguage":"en-GB","@id":"https:\/\/miharencelj.com\/#\/schema\/person\/image\/","url":"https:\/\/secure.gravatar.com\/avatar\/ad378a22ba61fdbc84ee043792c96909?s=96&d=mm&r=g","contentUrl":"https:\/\/secure.gravatar.com\/avatar\/ad378a22ba61fdbc84ee043792c96909?s=96&d=mm&r=g","caption":"Miha Ren\u010delj"},"logo":{"@id":"https:\/\/miharencelj.com\/#\/schema\/person\/image\/"},"sameAs":["https:\/\/miharencelj.com\/"]}]}},"_links":{"self":[{"href":"https:\/\/miharencelj.com\/en\/wp-json\/wp\/v2\/pages\/2405"}],"collection":[{"href":"https:\/\/miharencelj.com\/en\/wp-json\/wp\/v2\/pages"}],"about":[{"href":"https:\/\/miharencelj.com\/en\/wp-json\/wp\/v2\/types\/page"}],"author":[{"embeddable":true,"href":"https:\/\/miharencelj.com\/en\/wp-json\/wp\/v2\/users\/2"}],"replies":[{"embeddable":true,"href":"https:\/\/miharencelj.com\/en\/wp-json\/wp\/v2\/comments?post=2405"}],"version-history":[{"count":180,"href":"https:\/\/miharencelj.com\/en\/wp-json\/wp\/v2\/pages\/2405\/revisions"}],"predecessor-version":[{"id":5389,"href":"https:\/\/miharencelj.com\/en\/wp-json\/wp\/v2\/pages\/2405\/revisions\/5389"}],"wp:featuredmedia":[{"embeddable":true,"href":"https:\/\/miharencelj.com\/en\/wp-json\/wp\/v2\/media\/4302"}],"wp:attachment":[{"href":"https:\/\/miharencelj.com\/en\/wp-json\/wp\/v2\/media?parent=2405"}],"curies":[{"name":"wp","href":"https:\/\/api.w.org\/{rel}","templated":true}]}}